{"id":2123,"date":"2024-12-09T16:53:17","date_gmt":"2024-12-09T16:53:17","guid":{"rendered":"https:\/\/alfarmakos.com\/?page_id=2123"},"modified":"2025-04-28T09:20:52","modified_gmt":"2025-04-28T09:20:52","slug":"imported-products","status":"publish","type":"page","link":"https:\/\/alfarmakos.com\/sq\/imported-products\/","title":{"rendered":"Produkte t\u00eb importuara"},"content":{"rendered":"<div data-elementor-type=\"wp-page\" data-elementor-id=\"2123\" class=\"elementor elementor-2123\">\n\t\t\t\t\t\t<section class=\"elementor-section elementor-top-section elementor-element elementor-element-8719dbd elementor-section-boxed elementor-section-height-default elementor-section-height-default\" data-id=\"8719dbd\" data-element_type=\"section\" data-e-type=\"section\" data-settings=\"{&quot;background_background&quot;:&quot;classic&quot;}\">\n\t\t\t\t\t\t<div class=\"elementor-container elementor-column-gap-no\">\n\t\t\t\t\t<div class=\"elementor-column elementor-col-100 elementor-top-column elementor-element elementor-element-7929e10\" data-id=\"7929e10\" data-element_type=\"column\" data-e-type=\"column\">\n\t\t\t<div class=\"elementor-widget-wrap elementor-element-populated\">\n\t\t\t\t\t\t<div class=\"elementor-element elementor-element-733aa4e elementor-widget elementor-widget-tp-heading\" data-id=\"733aa4e\" data-element_type=\"widget\" data-e-type=\"widget\" data-widget_type=\"tp-heading.default\">\n\t\t\t\t<div class=\"elementor-widget-container\">\n\t\t\t\t\t\r\n\t\t                        <div class=\"tp-section\">\r\n                                    <span class=\"tp-section__sub-title left-line mb-20 tp-el-subtitle\">Sh\u00ebrbimet tona<\/span>\r\n                \r\n                <h2 class=\"tp-section__title mb-50\">Produkte t\u00eb Importuara<\/h2>\r\n                            <\/div>\r\n            \r\n\t\t\r\n        \t\t\t\t<\/div>\n\t\t\t\t<\/div>\n\t\t\t\t<div class=\"elementor-element elementor-element-3afd18f elementor-widget elementor-widget-services\" data-id=\"3afd18f\" data-element_type=\"widget\" data-e-type=\"widget\" data-widget_type=\"services.default\">\n\t\t\t\t<div class=\"elementor-widget-container\">\n\t\t\t\t\t\r\n\r\n<section class=\"services-area ele-section\">\r\n    <div class=\"container\">\r\n        <div class=\"row text-center\">\r\n            <div class=\"col-lg-12 col-md-12 col-12\">\r\n                                    <div class=\"tp-section\">\r\n                                                                                            <\/div>\r\n                            <\/div>\r\n        <\/div>\r\n        <div class=\"row\">\r\n                        <div class=\"col-xl-12 col-lg-12 col-md-12 col-12\">\r\n                <div class=\"services-item mb-40 wow fadeInUp elementor-repeater-item-b0d8513 ele-feature-section\" data-wow-delay=\".2s\">\r\n                    <div class=\"services-item__icon mb-30\">\r\n                                                                                    <span class=\"tp-sv-icon ele-feature-icon\">\r\n                                    <i aria-hidden=\"true\" class=\"fal fa-cog\"><\/i>                                <\/span>\r\n                                                                        <\/div>\r\n                    <div class=\"services-item__content\">\r\n                        \r\n                                                    <p class=\"ele-feature-content\">N\u00eb Alfarmakos, ofrojm\u00eb barna t\u00eb cil\u00ebsis\u00eb s\u00eb lart\u00eb p\u00ebr t\u00eb p\u00ebrmbushur nevojat e profesionist\u00ebve mjek\u00ebsor\u00eb dhe pacient\u00ebve. Zgjidhjet tona t\u00eb sigurta dhe efektive mb\u00ebshtesin sh\u00ebndetin e pacient\u00ebve dhe rikuperimin e tyre, duke p\u00ebrmir\u00ebsuar cil\u00ebsin\u00eb e jet\u00ebs dhe ofruar besueshm\u00ebri p\u00ebr trajtimin e kushteve mjek\u00ebsore te personave q\u00eb i p\u00ebrdorin.\n<\/p>\r\n                            \r\n                                            <\/div>\r\n                <\/div>\r\n            <\/div>\r\n                    <\/div>\r\n    <\/div>\r\n<\/section>\r\n\r\n\t\t\t\t<\/div>\n\t\t\t\t<\/div>\n\t\t\t\t\t<\/div>\n\t\t<\/div>\n\t\t\t\t\t<\/div>\n\t\t<\/section>\n\t\t\t\t<section class=\"elementor-section elementor-top-section elementor-element elementor-element-a21bb37 elementor-section-boxed elementor-section-height-default elementor-section-height-default\" data-id=\"a21bb37\" data-element_type=\"section\" data-e-type=\"section\" data-settings=\"{&quot;background_background&quot;:&quot;classic&quot;}\">\n\t\t\t\t\t\t<div class=\"elementor-container elementor-column-gap-no\">\n\t\t\t\t\t<div class=\"elementor-column elementor-col-100 elementor-top-column elementor-element elementor-element-31f79a2\" data-id=\"31f79a2\" data-element_type=\"column\" data-e-type=\"column\">\n\t\t\t<div class=\"elementor-widget-wrap elementor-element-populated\">\n\t\t\t\t\t\t<div class=\"elementor-element elementor-element-f05206a elementor-widget elementor-widget-services\" data-id=\"f05206a\" data-element_type=\"widget\" data-e-type=\"widget\" data-widget_type=\"services.default\">\n\t\t\t\t<div class=\"elementor-widget-container\">\n\t\t\t\t\t\r\n\r\n<section class=\"services-area tp-common-area ele-section\">\r\n    <div class=\"container\">\r\n        <div class=\"row align-items-center\">\r\n        <div class=\"col-lg-5 col-md-12 col-12\">\r\n                        <div class=\"tp-section tp-section-center\">\r\n                                                                <\/div>\r\n                    <\/div>\r\n        <div class=\"col-lg-7 col-md-12 col-12\">\r\n                    <\/div>\r\n        <\/div>\r\n        <div class=\"row\">\r\n                <div class=\"col-xl-4 col-lg-6 col-md-6 col-12\">\r\n            <div class=\"services-thumb-box mb-30 wow fadeInUp elementor-repeater-item-b0d8513 ele-feature-section\" data-wow-delay=\".2s\">\r\n                            <div class=\"services-thumb-box__text-area d-flex align-items-center\">\r\n                    <div class=\"services-thumb-box__icon  mr-20\">\r\n                                                                                    <\/div>\r\n                    <div class=\"services-thumb-box__content\">\r\n                                        <h5 class=\"services-thumb-box__title ele-feature-title\">\r\n                                                    Barna me recet\u00eb mjek\u00ebsore                                            <\/h5>\r\n                    \r\n                    \r\n                    \r\n                    <\/div>\r\n                <\/div>\r\n            <\/div>\r\n        <\/div>\r\n                <div class=\"col-xl-4 col-lg-6 col-md-6 col-12\">\r\n            <div class=\"services-thumb-box mb-30 wow fadeInUp elementor-repeater-item-d3aa3b8 ele-feature-section\" data-wow-delay=\".2s\">\r\n                            <div class=\"services-thumb-box__text-area d-flex align-items-center\">\r\n                    <div class=\"services-thumb-box__icon  mr-20\">\r\n                                                                                    <\/div>\r\n                    <div class=\"services-thumb-box__content\">\r\n                                        <h5 class=\"services-thumb-box__title ele-feature-title\">\r\n                                                    Shtesa ushqimore                                            <\/h5>\r\n                    \r\n                    \r\n                    \r\n                    <\/div>\r\n                <\/div>\r\n            <\/div>\r\n        <\/div>\r\n                <div class=\"col-xl-4 col-lg-6 col-md-6 col-12\">\r\n            <div class=\"services-thumb-box mb-30 wow fadeInUp elementor-repeater-item-11e5a55 ele-feature-section\" data-wow-delay=\".2s\">\r\n                            <div class=\"services-thumb-box__text-area d-flex align-items-center\">\r\n                    <div class=\"services-thumb-box__icon  mr-20\">\r\n                                                                                    <\/div>\r\n                    <div class=\"services-thumb-box__content\">\r\n                                        <h5 class=\"services-thumb-box__title ele-feature-title\">\r\n                                                    Kozmetik\u00eb                                            <\/h5>\r\n                    \r\n                    \r\n                    \r\n                    <\/div>\r\n                <\/div>\r\n            <\/div>\r\n        <\/div>\r\n                <div class=\"col-xl-4 col-lg-6 col-md-6 col-12\">\r\n            <div class=\"services-thumb-box mb-30 wow fadeInUp elementor-repeater-item-c04ed70 ele-feature-section\" data-wow-delay=\".2s\">\r\n                            <div class=\"services-thumb-box__text-area d-flex align-items-center\">\r\n                    <div class=\"services-thumb-box__icon  mr-20\">\r\n                                                                                    <\/div>\r\n                    <div class=\"services-thumb-box__content\">\r\n                                        <h5 class=\"services-thumb-box__title ele-feature-title\">\r\n                                                    Barna pa recet\u00eb mjek\u00ebsore (OTC)                                            <\/h5>\r\n                    \r\n                    \r\n                    \r\n                    <\/div>\r\n                <\/div>\r\n            <\/div>\r\n        <\/div>\r\n                <div class=\"col-xl-4 col-lg-6 col-md-6 col-12\">\r\n            <div class=\"services-thumb-box mb-30 wow fadeInUp elementor-repeater-item-b54ec26 ele-feature-section\" data-wow-delay=\".2s\">\r\n                            <div class=\"services-thumb-box__text-area d-flex align-items-center\">\r\n                    <div class=\"services-thumb-box__icon  mr-20\">\r\n                                                                                    <\/div>\r\n                    <div class=\"services-thumb-box__content\">\r\n                                        <h5 class=\"services-thumb-box__title ele-feature-title\">\r\n                                                    Pajisje mjek\u00ebsore                                            <\/h5>\r\n                    \r\n                    \r\n                    \r\n                    <\/div>\r\n                <\/div>\r\n            <\/div>\r\n        <\/div>\r\n                <\/div>\r\n\r\n    <\/div>\r\n<\/section>\r\n\r\n\t\t\t\t<\/div>\n\t\t\t\t<\/div>\n\t\t\t\t\t<\/div>\n\t\t<\/div>\n\t\t\t\t\t<\/div>\n\t\t<\/section>\n\t\t\t\t<section class=\"elementor-section elementor-top-section elementor-element elementor-element-46d702b elementor-section-full_width elementor-section-height-default elementor-section-height-default\" data-id=\"46d702b\" data-element_type=\"section\" data-e-type=\"section\" data-settings=\"{&quot;background_background&quot;:&quot;classic&quot;}\">\n\t\t\t\t\t\t<div class=\"elementor-container elementor-column-gap-no\">\n\t\t\t\t\t<div class=\"elementor-column elementor-col-100 elementor-top-column elementor-element elementor-element-f820465\" data-id=\"f820465\" data-element_type=\"column\" data-e-type=\"column\">\n\t\t\t<div class=\"elementor-widget-wrap elementor-element-populated\">\n\t\t\t\t\t\t<div class=\"elementor-element elementor-element-518bc5d elementor-widget elementor-widget-contactform\" data-id=\"518bc5d\" data-element_type=\"widget\" data-e-type=\"widget\" data-widget_type=\"contactform.default\">\n\t\t\t\t<div class=\"elementor-widget-container\">\n\t\t\t\t\t\r\n\r\n<section class=\"support-area ele-section\">\r\n    <div class=\"container\">\r\n        <div class=\"row text-center\">\r\n            <div class=\"col-lg-12 col-md-12 col-12\">\r\n                                <div class=\"tp-section\">\r\n                                            <span class=\"tp-section__sub-title left-line right-line mb-20 ele-subtitle\">Na kontraktoni<\/span>\r\n                                        <h2 class=\"tp-section__title mb-70 ele-title\">Na kontaktoni p\u00ebr \u00e7do pyetje ose k\u00ebrkes\u00eb<\/h2>\r\n                <\/div>\r\n                            <\/div>\r\n        <\/div>\r\n        <div class=\"row justify-content-center\">\r\n            <div class=\"col-xl-10 col-lg-12 col-md-12 col-12\">\r\n                <div class=\"tp-support-form text-center\">\r\n                    \r\n                                        <div class=\"form-wrapper\">\r\n                        \n<div class=\"wpcf7 no-js\" id=\"wpcf7-f284-o1\" lang=\"en-US\" dir=\"ltr\" data-wpcf7-id=\"284\">\n<div class=\"screen-reader-response\"><p role=\"status\" aria-live=\"polite\" aria-atomic=\"true\"><\/p> <ul><\/ul><\/div>\n<form action=\"\/sq\/wp-json\/wp\/v2\/pages\/2123#wpcf7-f284-o1\" method=\"post\" class=\"wpcf7-form init\" aria-label=\"Contact form\" novalidate=\"novalidate\" data-status=\"init\" data-trp-original-action=\"\/sq\/wp-json\/wp\/v2\/pages\/2123#wpcf7-f284-o1\">\n<fieldset class=\"hidden-fields-container\"><input type=\"hidden\" name=\"_wpcf7\" value=\"284\" \/><input type=\"hidden\" name=\"_wpcf7_version\" value=\"6.1.5\" \/><input type=\"hidden\" name=\"_wpcf7_locale\" value=\"en_US\" \/><input type=\"hidden\" name=\"_wpcf7_unit_tag\" value=\"wpcf7-f284-o1\" \/><input type=\"hidden\" name=\"_wpcf7_container_post\" value=\"0\" \/><input type=\"hidden\" name=\"_wpcf7_posted_data_hash\" value=\"\" \/>\n<\/fieldset>\n<span class=\"wpcf7-form-control-wrap\" data-name=\"t-name\"><input size=\"40\" maxlength=\"400\" class=\"wpcf7-form-control wpcf7-text\" aria-invalid=\"false\" placeholder=\"Shkruani Emrin tuaj\" value=\"\" type=\"text\" name=\"t-name\" \/><\/span>\n<span class=\"wpcf7-form-control-wrap\" data-name=\"t-email\"><input size=\"40\" maxlength=\"400\" class=\"wpcf7-form-control wpcf7-email wpcf7-text wpcf7-validates-as-email\" aria-invalid=\"false\" placeholder=\"Enter your Mail\" value=\"\" type=\"email\" name=\"t-email\" \/><\/span>\n<span class=\"wpcf7-form-control-wrap\" data-name=\"t-message\"><textarea cols=\"40\" rows=\"10\" maxlength=\"2000\" class=\"wpcf7-form-control wpcf7-textarea\" aria-invalid=\"false\" placeholder=\"Type your message\" name=\"t-message\"><\/textarea><\/span>\n<div class=\"tp-support-form__btn\">\n    <button type=\"submit\" class=\"tp-btn\">D\u00ebrgo<\/button>\n<\/div><p style=\"display: none !important;\" class=\"akismet-fields-container\" data-prefix=\"_wpcf7_ak_\"><label>&#916;<textarea name=\"_wpcf7_ak_hp_textarea\" cols=\"45\" rows=\"8\" maxlength=\"100\"><\/textarea><\/label><input type=\"hidden\" id=\"ak_js_1\" name=\"_wpcf7_ak_js\" value=\"33\"\/><script>document.getElementById( \"ak_js_1\" ).setAttribute( \"value\", ( new Date() ).getTime() );<\/script><\/p><div class=\"wpcf7-response-output\" aria-hidden=\"true\"><\/div>\n<input type=\"hidden\" name=\"trp-form-language\" value=\"sq\"\/><\/form>\n<\/div>\n                    <\/div>\r\n                                    <\/div>\r\n            <\/div>\r\n        <\/div>\r\n    <\/div>\r\n<\/section>\r\n\r\n\t\t\t\t<\/div>\n\t\t\t\t<\/div>\n\t\t\t\t\t<\/div>\n\t\t<\/div>\n\t\t\t\t\t<\/div>\n\t\t<\/section>\n\t\t\t\t<\/div>","protected":false},"excerpt":{"rendered":"<p>Our services Imported Products At Alfarmakos, we provide high-quality healthcare products designed to meet the needs of medical professionals and patients. Our range of safe, effective solutions supports overall wellness and aids in recovery. With our focus on innovation and reliability, we deliver trusted products for a variety of medical conditions, ensuring peace of mind [&hellip;]<\/p>\n","protected":false},"author":1,"featured_media":0,"parent":0,"menu_order":0,"comment_status":"closed","ping_status":"closed","template":"elementor_header_footer","meta":{"_acf_changed":false,"_monsterinsights_skip_tracking":false,"_monsterinsights_sitenote_active":false,"_monsterinsights_sitenote_note":"","_monsterinsights_sitenote_category":0,"footnotes":""},"class_list":["post-2123","page","type-page","status-publish","hentry"],"acf":[],"aioseo_notices":[],"_links":{"self":[{"href":"https:\/\/alfarmakos.com\/sq\/wp-json\/wp\/v2\/pages\/2123","targetHints":{"allow":["GET"]}}],"collection":[{"href":"https:\/\/alfarmakos.com\/sq\/wp-json\/wp\/v2\/pages"}],"about":[{"href":"https:\/\/alfarmakos.com\/sq\/wp-json\/wp\/v2\/types\/page"}],"author":[{"embeddable":true,"href":"https:\/\/alfarmakos.com\/sq\/wp-json\/wp\/v2\/users\/1"}],"replies":[{"embeddable":true,"href":"https:\/\/alfarmakos.com\/sq\/wp-json\/wp\/v2\/comments?post=2123"}],"version-history":[{"count":136,"href":"https:\/\/alfarmakos.com\/sq\/wp-json\/wp\/v2\/pages\/2123\/revisions"}],"predecessor-version":[{"id":3891,"href":"https:\/\/alfarmakos.com\/sq\/wp-json\/wp\/v2\/pages\/2123\/revisions\/3891"}],"wp:attachment":[{"href":"https:\/\/alfarmakos.com\/sq\/wp-json\/wp\/v2\/media?parent=2123"}],"curies":[{"name":"wp","href":"https:\/\/api.w.org\/{rel}","templated":true}]}}