{"id":3520,"date":"2025-03-21T13:45:41","date_gmt":"2025-03-21T13:45:41","guid":{"rendered":"https:\/\/alfarmakos.com\/?page_id=3520"},"modified":"2025-03-26T11:59:47","modified_gmt":"2025-03-26T11:59:47","slug":"marketing","status":"publish","type":"page","link":"https:\/\/alfarmakos.com\/sq\/marketing\/","title":{"rendered":"Marketing"},"content":{"rendered":"<div data-elementor-type=\"wp-page\" data-elementor-id=\"3520\" class=\"elementor elementor-3520\">\n\t\t\t\t\t\t<section class=\"elementor-section elementor-top-section elementor-element elementor-element-3c09c69 elementor-section-boxed elementor-section-height-default elementor-section-height-default\" data-id=\"3c09c69\" data-element_type=\"section\" data-e-type=\"section\">\n\t\t\t\t\t\t<div class=\"elementor-container elementor-column-gap-default\">\n\t\t\t\t\t<div class=\"elementor-column elementor-col-100 elementor-top-column elementor-element elementor-element-c558e27\" data-id=\"c558e27\" data-element_type=\"column\" data-e-type=\"column\">\n\t\t\t<div class=\"elementor-widget-wrap elementor-element-populated\">\n\t\t\t\t\t\t<div class=\"elementor-element elementor-element-0f7dafe elementor-widget elementor-widget-tp-heading\" data-id=\"0f7dafe\" data-element_type=\"widget\" data-e-type=\"widget\" data-widget_type=\"tp-heading.default\">\n\t\t\t\t<div class=\"elementor-widget-container\">\n\t\t\t\t\t\r\n\t\t                        <div class=\"tp-section\">\r\n                                    <span class=\"tp-section__sub-title left-line mb-20 tp-el-subtitle\">SH\u00cbRBIMET TONA<\/span>\r\n                \r\n                <h2 class=\"tp-section__title mb-50\">Marketing<\/h2>\r\n                            <\/div>\r\n            \r\n\t\t\r\n        \t\t\t\t<\/div>\n\t\t\t\t<\/div>\n\t\t\t\t<section class=\"elementor-section elementor-inner-section elementor-element elementor-element-aca8d07 elementor-section-boxed elementor-section-height-default elementor-section-height-default\" data-id=\"aca8d07\" data-element_type=\"section\" data-e-type=\"section\">\n\t\t\t\t\t\t<div class=\"elementor-container elementor-column-gap-default\">\n\t\t\t\t\t<div class=\"elementor-column elementor-col-100 elementor-inner-column elementor-element elementor-element-699aa32\" data-id=\"699aa32\" data-element_type=\"column\" data-e-type=\"column\">\n\t\t\t<div class=\"elementor-widget-wrap elementor-element-populated\">\n\t\t\t\t\t\t<div class=\"elementor-element elementor-element-2a31bf6 elementor-widget elementor-widget-heading\" data-id=\"2a31bf6\" data-element_type=\"widget\" data-e-type=\"widget\" data-widget_type=\"heading.default\">\n\t\t\t\t<div class=\"elementor-widget-container\">\n\t\t\t\t\t<p class=\"elementor-heading-title elementor-size-default\">Ne ofrojm\u00eb mb\u00ebshtetje t\u00eb plot\u00eb marketingu p\u00ebr barna, suplemente ushqimore, pajisje mjek\u00ebsore dhe produkte kozmetik\u00eb. Synimi yn\u00eb \u00ebsht\u00eb t\u00eb sigurojm\u00eb q\u00eb \u00e7do pacient n\u00eb vendin ton\u00eb t\u00eb ket\u00eb akses t\u00eb shpejt\u00eb.<\/p>\t\t\t\t<\/div>\n\t\t\t\t<\/div>\n\t\t\t\t\t<\/div>\n\t\t<\/div>\n\t\t\t\t\t<\/div>\n\t\t<\/section>\n\t\t\t\t\t<\/div>\n\t\t<\/div>\n\t\t\t\t\t<\/div>\n\t\t<\/section>\n\t\t\t\t<section class=\"elementor-section elementor-top-section elementor-element elementor-element-45b843f elementor-section-full_width elementor-section-height-default elementor-section-height-default\" data-id=\"45b843f\" data-element_type=\"section\" data-e-type=\"section\" data-settings=\"{&quot;background_background&quot;:&quot;classic&quot;}\">\n\t\t\t\t\t\t<div class=\"elementor-container elementor-column-gap-no\">\n\t\t\t\t\t<div class=\"elementor-column elementor-col-100 elementor-top-column elementor-element elementor-element-57e3e63\" data-id=\"57e3e63\" data-element_type=\"column\" data-e-type=\"column\">\n\t\t\t<div class=\"elementor-widget-wrap elementor-element-populated\">\n\t\t\t\t\t\t<div class=\"elementor-element elementor-element-b3523f4 elementor-widget elementor-widget-contactform\" data-id=\"b3523f4\" data-element_type=\"widget\" data-e-type=\"widget\" data-widget_type=\"contactform.default\">\n\t\t\t\t<div class=\"elementor-widget-container\">\n\t\t\t\t\t\r\n\r\n<section class=\"support-area ele-section\">\r\n    <div class=\"container\">\r\n        <div class=\"row text-center\">\r\n            <div class=\"col-lg-12 col-md-12 col-12\">\r\n                                <div class=\"tp-section\">\r\n                                            <span class=\"tp-section__sub-title left-line right-line mb-20 ele-subtitle\">Na kontraktoni<\/span>\r\n                                        <h2 class=\"tp-section__title mb-70 ele-title\">Na kontaktoni p\u00ebr \u00e7do pyetje ose k\u00ebrkes\u00eb<\/h2>\r\n                <\/div>\r\n                            <\/div>\r\n        <\/div>\r\n        <div class=\"row justify-content-center\">\r\n            <div class=\"col-xl-10 col-lg-12 col-md-12 col-12\">\r\n                <div class=\"tp-support-form text-center\">\r\n                    \r\n                                        <div class=\"form-wrapper\">\r\n                        \n<div class=\"wpcf7 no-js\" id=\"wpcf7-f284-o1\" lang=\"en-US\" dir=\"ltr\" data-wpcf7-id=\"284\">\n<div class=\"screen-reader-response\"><p role=\"status\" aria-live=\"polite\" aria-atomic=\"true\"><\/p> <ul><\/ul><\/div>\n<form action=\"\/sq\/wp-json\/wp\/v2\/pages\/3520#wpcf7-f284-o1\" method=\"post\" class=\"wpcf7-form init\" aria-label=\"Contact form\" novalidate=\"novalidate\" data-status=\"init\" data-trp-original-action=\"\/sq\/wp-json\/wp\/v2\/pages\/3520#wpcf7-f284-o1\">\n<fieldset class=\"hidden-fields-container\"><input type=\"hidden\" name=\"_wpcf7\" value=\"284\" \/><input type=\"hidden\" name=\"_wpcf7_version\" value=\"6.1.5\" \/><input type=\"hidden\" name=\"_wpcf7_locale\" value=\"en_US\" \/><input type=\"hidden\" name=\"_wpcf7_unit_tag\" value=\"wpcf7-f284-o1\" \/><input type=\"hidden\" name=\"_wpcf7_container_post\" value=\"0\" \/><input type=\"hidden\" name=\"_wpcf7_posted_data_hash\" value=\"\" \/>\n<\/fieldset>\n<span class=\"wpcf7-form-control-wrap\" data-name=\"t-name\"><input size=\"40\" maxlength=\"400\" class=\"wpcf7-form-control wpcf7-text\" aria-invalid=\"false\" placeholder=\"Shkruani Emrin tuaj\" value=\"\" type=\"text\" name=\"t-name\" \/><\/span>\n<span class=\"wpcf7-form-control-wrap\" data-name=\"t-email\"><input size=\"40\" maxlength=\"400\" class=\"wpcf7-form-control wpcf7-email wpcf7-text wpcf7-validates-as-email\" aria-invalid=\"false\" placeholder=\"Enter your Mail\" value=\"\" type=\"email\" name=\"t-email\" \/><\/span>\n<span class=\"wpcf7-form-control-wrap\" data-name=\"t-message\"><textarea cols=\"40\" rows=\"10\" maxlength=\"2000\" class=\"wpcf7-form-control wpcf7-textarea\" aria-invalid=\"false\" placeholder=\"Type your message\" name=\"t-message\"><\/textarea><\/span>\n<div class=\"tp-support-form__btn\">\n    <button type=\"submit\" class=\"tp-btn\">D\u00ebrgo<\/button>\n<\/div><p style=\"display: none !important;\" class=\"akismet-fields-container\" data-prefix=\"_wpcf7_ak_\"><label>&#916;<textarea name=\"_wpcf7_ak_hp_textarea\" cols=\"45\" rows=\"8\" maxlength=\"100\"><\/textarea><\/label><input type=\"hidden\" id=\"ak_js_1\" name=\"_wpcf7_ak_js\" value=\"66\"\/><script>document.getElementById( \"ak_js_1\" ).setAttribute( \"value\", ( new Date() ).getTime() );<\/script><\/p><div class=\"wpcf7-response-output\" aria-hidden=\"true\"><\/div>\n<input type=\"hidden\" name=\"trp-form-language\" value=\"sq\"\/><\/form>\n<\/div>\n                    <\/div>\r\n                                    <\/div>\r\n            <\/div>\r\n        <\/div>\r\n    <\/div>\r\n<\/section>\r\n\r\n\t\t\t\t<\/div>\n\t\t\t\t<\/div>\n\t\t\t\t\t<\/div>\n\t\t<\/div>\n\t\t\t\t\t<\/div>\n\t\t<\/section>\n\t\t\t\t<\/div>","protected":false},"excerpt":{"rendered":"<p>OUR SERVICES Marketing We deliver full-spectrum marketing support for medical products, food supplements, medical devices and cosmetic products. Our aim is to ensure that every patient in our target markets has prompt access to our therapies. GET IN TOUCH Need Any Help Send Message<\/p>","protected":false},"author":1,"featured_media":0,"parent":0,"menu_order":0,"comment_status":"closed","ping_status":"closed","template":"elementor_header_footer","meta":{"_acf_changed":false,"_monsterinsights_skip_tracking":false,"_monsterinsights_sitenote_active":false,"_monsterinsights_sitenote_note":"","_monsterinsights_sitenote_category":0,"footnotes":""},"class_list":["post-3520","page","type-page","status-publish","hentry"],"acf":[],"aioseo_notices":[],"_links":{"self":[{"href":"https:\/\/alfarmakos.com\/sq\/wp-json\/wp\/v2\/pages\/3520","targetHints":{"allow":["GET"]}}],"collection":[{"href":"https:\/\/alfarmakos.com\/sq\/wp-json\/wp\/v2\/pages"}],"about":[{"href":"https:\/\/alfarmakos.com\/sq\/wp-json\/wp\/v2\/types\/page"}],"author":[{"embeddable":true,"href":"https:\/\/alfarmakos.com\/sq\/wp-json\/wp\/v2\/users\/1"}],"replies":[{"embeddable":true,"href":"https:\/\/alfarmakos.com\/sq\/wp-json\/wp\/v2\/comments?post=3520"}],"version-history":[{"count":10,"href":"https:\/\/alfarmakos.com\/sq\/wp-json\/wp\/v2\/pages\/3520\/revisions"}],"predecessor-version":[{"id":3876,"href":"https:\/\/alfarmakos.com\/sq\/wp-json\/wp\/v2\/pages\/3520\/revisions\/3876"}],"wp:attachment":[{"href":"https:\/\/alfarmakos.com\/sq\/wp-json\/wp\/v2\/media?parent=3520"}],"curies":[{"name":"wp","href":"https:\/\/api.w.org\/{rel}","templated":true}]}}