{"id":643,"date":"2022-08-21T16:27:23","date_gmt":"2022-08-21T16:27:23","guid":{"rendered":"https:\/\/weblearnbd.net\/wp\/bioxlab\/?page_id=643"},"modified":"2025-03-26T10:09:55","modified_gmt":"2025-03-26T10:09:55","slug":"about","status":"publish","type":"page","link":"https:\/\/alfarmakos.com\/sq\/about\/","title":{"rendered":"About"},"content":{"rendered":"<div data-elementor-type=\"wp-page\" data-elementor-id=\"643\" class=\"elementor elementor-643\">\n\t\t\t\t\t\t<section class=\"elementor-section elementor-top-section elementor-element elementor-element-39632d7 elementor-section-full_width elementor-section-stretched elementor-section-height-default elementor-section-height-default\" data-id=\"39632d7\" data-element_type=\"section\" data-e-type=\"section\" data-settings=\"{&quot;stretch_section&quot;:&quot;section-stretched&quot;,&quot;background_background&quot;:&quot;classic&quot;}\">\n\t\t\t\t\t\t<div class=\"elementor-container elementor-column-gap-no\">\n\t\t\t\t\t<div class=\"elementor-column elementor-col-100 elementor-top-column elementor-element elementor-element-728430c\" data-id=\"728430c\" data-element_type=\"column\" data-e-type=\"column\">\n\t\t\t<div class=\"elementor-widget-wrap elementor-element-populated\">\n\t\t\t\t\t\t<div class=\"elementor-element elementor-element-beb8816 elementor-widget elementor-widget-about\" data-id=\"beb8816\" data-element_type=\"widget\" data-e-type=\"widget\" id=\"about-us\" data-widget_type=\"about.default\">\n\t\t\t\t<div class=\"elementor-widget-container\">\n\t\t\t\t\t\r\n\r\n<section id=\"tp-about-scroll\" class=\"about-area ele-section\">\r\n    <div class=\"container\">\r\n        <div class=\"row\">\r\n            <div class=\"col-xl-6 col-lg-12\">\r\n            <div class=\"about__thumb mb-60 wow fadeInLeft\" data-wow-delay=\".4s\">\r\n                                    <div class=\"about__img\">\r\n                        <img decoding=\"async\" src=\"https:\/\/alfarmakos.com\/wp-content\/uploads\/2025\/02\/logoo.png\" alt=\"\">\r\n                        <div class=\"about__exprience ele-experience-style\">\r\n                                                    <h3 class=\"counter\">\r\n                                20                            <\/h3>\r\n                                                                            <i>Vite eksperienc\u00eb<\/i>\r\n                                            <\/div>\r\n                    <\/div>\r\n                            <\/div>\r\n            <\/div>\r\n            <div class=\"col-xl-6 col-lg-12\">\r\n            <div class=\"tp-about__content pt-125 ml-60 mb-50 wow fadeInRight\" data-wow-delay=\".4s\"  >\r\n                                <div class=\"tp-section\">\r\n                                        <h3 class=\"tp-section__title tp-ab-sm-title mb-45 ele-title\">Rreth nesh<\/h3>                                            <i class=\"ele-quote-content\"><a class=\"tp-section__link\" href=\"#\">Lexo Misionin dhe Vizionin ton\u00eb <i class=\"fa-solid fa-arrow-right\"><\/i><\/a><\/i>\r\n                                                                <p class=\"mr-20 mb-45 ele-content\">ALFARMAKOS importon dhe shp\u00ebrndan barna, suplemente ushqimore, pajisje mjek\u00ebsore dhe produkte kozmetike. E themeluar n\u00eb vitin 2005, kompania ka p\u00ebrjetuar rritje t\u00eb q\u00ebndrueshme \u00e7do vit n\u00eb fushat e importit, shp\u00ebrndarjes, marketingut dhe aktiviteteve promovuese, duke kontribuar n\u00eb zhvillimin dhe zgjerimin e m\u00ebtejsh\u00ebm t\u00eb sh\u00ebrbimeve tona. <br>\nAlfarmakos ka kontrata ekskluzive importi me disa kompani nd\u00ebrkomb\u00ebtare t\u00eb prodhimit t\u00eb barnave , suplementeve ushqimore dhe pajisjeve mjek\u00ebsore, duke na dh\u00ebn\u00eb t\u00eb drejtat e plota p\u00ebr importin, marketingun dhe shp\u00ebrndarjen n\u00eb t\u00eb gjith\u00eb vendin.  <br>\n\nNe angazhohemi n\u00eb bashk\u00ebpunime strategjike me importues t\u00eb tjer\u00eb t\u00eb njohur farmaceutik\u00eb, duke marr\u00eb rolin e distributorit t\u00eb besuar p\u00ebr t\u00eb gjith\u00eb produktet mjek\u00ebsore t\u00eb regjistruara brenda vendit, si dhe produktet e tjera t\u00eb p\u00ebrshtatura p\u00ebr k\u00ebrkesat specifike t\u00eb farmacive.\n Kompania operon n\u00eb p\u00ebrputhje t\u00eb plot\u00eb me ligjet dhe rregulloret e Republik\u00ebs s\u00eb Shqip\u00ebris\u00eb, dhe ambientet tona jan\u00eb t\u00eb pajisura p\u00ebr t\u00eb p\u00ebrmbushur standardet m\u00eb t\u00eb larta p\u00ebr ruajtjen dhe shp\u00ebrndarjen e sigurt dhe efikase t\u00eb barnave.<\/p>\r\n                                    <\/div>\r\n                                <div class=\"tp-about__info-list mb-55\">\r\n                    <ul>\r\n                                                <li class=\"ele-feature-content\">\r\n                                                                                                <i aria-hidden=\"true\" class=\"fal fa-check\"><\/i>                                                                                        Import dhe Distribucion                        <\/li>\r\n                                                <li class=\"ele-feature-content\">\r\n                                                                                                <i aria-hidden=\"true\" class=\"fal fa-check\"><\/i>                                                                                        Sh\u00ebrbime Marketingu dhe Promocionale                        <\/li>\r\n                                                <li class=\"ele-feature-content\">\r\n                                                                                                <i aria-hidden=\"true\" class=\"fal fa-check\"><\/i>                                                                                        Partneritet i Besuesh\u00ebm                        <\/li>\r\n                                                <li class=\"ele-feature-content\">\r\n                                                                                                <i aria-hidden=\"true\" class=\"fal fa-check\"><\/i>                                                                                        Operacione t\u00eb Licencuara                        <\/li>\r\n                                            <\/ul>\r\n                <\/div>\r\n                            <\/div>\r\n            <\/div>\r\n        <\/div>\r\n    <\/div>\r\n<\/section>\r\n\r\n\t\t\t\t<\/div>\n\t\t\t\t<\/div>\n\t\t\t\t\t<\/div>\n\t\t<\/div>\n\t\t\t\t\t<\/div>\n\t\t<\/section>\n\t\t<div class=\"elementor-element elementor-element-4cc4509 e-flex e-con-boxed e-con e-parent\" data-id=\"4cc4509\" data-element_type=\"container\" data-e-type=\"container\">\n\t\t\t\t\t<div class=\"e-con-inner\">\n\t\t\t\t<div class=\"elementor-element elementor-element-9d21f6f elementor-widget elementor-widget-spacer\" data-id=\"9d21f6f\" data-element_type=\"widget\" data-e-type=\"widget\" data-widget_type=\"spacer.default\">\n\t\t\t\t<div class=\"elementor-widget-container\">\n\t\t\t\t\t\t\t<div class=\"elementor-spacer\">\n\t\t\t<div class=\"elementor-spacer-inner\"><\/div>\n\t\t<\/div>\n\t\t\t\t\t\t<\/div>\n\t\t\t\t<\/div>\n\t\t\t\t\t<\/div>\n\t\t\t\t<\/div>\n\t\t<div class=\"elementor-element elementor-element-b715796 e-flex e-con-boxed e-con e-parent\" data-id=\"b715796\" data-element_type=\"container\" data-e-type=\"container\">\n\t\t\t\t\t<div class=\"e-con-inner\">\n\t\t\t\t<div class=\"elementor-element elementor-element-3739594 e-n-tabs-mobile elementor-widget elementor-widget-n-tabs\" data-id=\"3739594\" data-element_type=\"widget\" data-e-type=\"widget\" data-settings=\"{&quot;horizontal_scroll&quot;:&quot;disable&quot;}\" data-widget_type=\"nested-tabs.default\">\n\t\t\t\t<div class=\"elementor-widget-container\">\n\t\t\t\t\t\t\t<div class=\"e-n-tabs\" data-widget-number=\"57906580\" aria-label=\"Tabs. Open items with Enter or Space, close with Escape and navigate using the Arrow keys.\">\n\t\t\t<div class=\"e-n-tabs-heading\" role=\"tablist\">\n\t\t\t\t\t<button id=\"e-n-tab-title-579065801\" data-tab-title-id=\"e-n-tab-title-579065801\" class=\"e-n-tab-title\" aria-selected=\"true\" data-tab-index=\"1\" role=\"tab\" tabindex=\"0\" aria-controls=\"e-n-tab-content-579065801\" style=\"--n-tabs-title-order: 1;\">\n\t\t\t\t\t\t<span class=\"e-n-tab-title-text\">\n\t\t\t\tMisioni yn\u00eb\t\t\t<\/span>\n\t\t<\/button>\n\t\t\t\t<button id=\"e-n-tab-title-579065802\" data-tab-title-id=\"e-n-tab-title-579065802\" class=\"e-n-tab-title\" aria-selected=\"false\" data-tab-index=\"2\" role=\"tab\" tabindex=\"-1\" aria-controls=\"e-n-tab-content-579065802\" style=\"--n-tabs-title-order: 2;\">\n\t\t\t\t\t\t<span class=\"e-n-tab-title-text\">\n\t\t\t\tVlerat tona\t\t\t<\/span>\n\t\t<\/button>\n\t\t\t\t<button id=\"e-n-tab-title-579065803\" data-tab-title-id=\"e-n-tab-title-579065803\" class=\"e-n-tab-title\" aria-selected=\"false\" data-tab-index=\"3\" role=\"tab\" tabindex=\"-1\" aria-controls=\"e-n-tab-content-579065803\" style=\"--n-tabs-title-order: 3;\">\n\t\t\t\t\t\t<span class=\"e-n-tab-title-text\">\n\t\t\t\tProcesi yn\u00eb\t\t\t<\/span>\n\t\t<\/button>\n\t\t\t\t\t<\/div>\n\t\t\t<div class=\"e-n-tabs-content\">\n\t\t\t\t<div id=\"e-n-tab-content-579065801\" role=\"tabpanel\" aria-labelledby=\"e-n-tab-title-579065801\" data-tab-index=\"1\" style=\"--n-tabs-title-order: 1;\" class=\"e-active elementor-element elementor-element-727869e e-con-full e-flex e-con e-child\" data-id=\"727869e\" data-element_type=\"container\" data-e-type=\"container\">\n\t\t\t\t<div class=\"elementor-element elementor-element-086f332 elementor-widget elementor-widget-contact-info-box\" data-id=\"086f332\" data-element_type=\"widget\" data-e-type=\"widget\" data-widget_type=\"contact-info-box.default\">\n\t\t\t\t<div class=\"elementor-widget-container\">\n\t\t\t\t\t\r\n                <div class=\"tpcontact mr-60 mb-60 wow fadeInUp ele-section\" data-wow-delay=\".2s\">\r\n            <div class=\"tpcontact__item text-center\">\r\n                <div class=\"tpcontact__icon mb-20\">\r\n                                        <span class=\"fea__icon ele-feature-icon\">\r\n                                                        <img decoding=\"async\" class=\"light\" src=\"https:\/\/alfarmakos.com\/wp-content\/uploads\/2022\/08\/mission_4898740.png\" alt=\"\">\r\n                                                <\/span>\r\n                                    <\/div>\r\n                <div class=\"tpcontact__address\">\r\n                                            <h4 class=\"tpcontact__title mb-15 ele-feature-title\">Misioni yn\u00eb<\/h4>\r\n                    \r\n\t\t\t\t\t\t\t\t\t\t    <span class=\"ele-feature-content\">Ne synojm\u00eb:  <br>\n<b>\nT\u00eb jemi nj\u00eb lider i besuesh\u00ebm n\u00eb tregun farmaceutik shqiptar.  <br>\nT\u00eb mbajm\u00eb standardet m\u00eb t\u00eb larta etike n\u00eb treg. <br> \nT\u00eb zhvillojm\u00eb nj\u00eb biznes q\u00eb p\u00ebrmbush standardet evropiane.  <br>\nT\u00eb ofrojm\u00eb sh\u00ebrbim t\u00eb shpejt\u00eb, t\u00eb besuesh\u00ebm dhe t\u00eb sakt\u00eb p\u00ebr klient\u00ebt.  \n<\/b>\n\n<\/span>\r\n\t\t\t\t\t                <\/div>\r\n            <\/div>\r\n        <\/div>\r\n        \r\n        \t\t\t\t<\/div>\n\t\t\t\t<\/div>\n\t\t\t\t<\/div>\n\t\t<div id=\"e-n-tab-content-579065802\" role=\"tabpanel\" aria-labelledby=\"e-n-tab-title-579065802\" data-tab-index=\"2\" style=\"--n-tabs-title-order: 2;\" class=\"elementor-element elementor-element-f950bf7 e-con-full e-flex e-con e-child\" data-id=\"f950bf7\" data-element_type=\"container\" data-e-type=\"container\">\n\t\t\t\t<div class=\"elementor-element elementor-element-4690236 elementor-widget elementor-widget-contact-info-box\" data-id=\"4690236\" data-element_type=\"widget\" data-e-type=\"widget\" data-widget_type=\"contact-info-box.default\">\n\t\t\t\t<div class=\"elementor-widget-container\">\n\t\t\t\t\t\r\n                <div class=\"tpcontact mr-60 mb-60 wow fadeInUp ele-section\" data-wow-delay=\".2s\">\r\n            <div class=\"tpcontact__item text-center\">\r\n                <div class=\"tpcontact__icon mb-20\">\r\n                                        <span class=\"fea__icon ele-feature-icon\">\r\n                                                        <img decoding=\"async\" class=\"light\" src=\"https:\/\/alfarmakos.com\/wp-content\/uploads\/2025\/03\/6144-scaled.jpg\" alt=\"\">\r\n                                                <\/span>\r\n                                    <\/div>\r\n                <div class=\"tpcontact__address\">\r\n                                            <h4 class=\"tpcontact__title mb-15 ele-feature-title\">Vlerat tona<\/h4>\r\n                    \r\n\t\t\t\t\t\t\t\t\t\t    <span class=\"ele-feature-content\">Vlerat tona thelb\u00ebsore dhe etika e biznesit jan\u00eb: <\/br>\n <b>Inovacioni<br>\nBesimi i nd\u00ebrsjell\u00eb<br>\nNdershm\u00ebria<br>\nBesnik\u00ebria<\/b><\/span>\r\n\t\t\t\t\t                <\/div>\r\n            <\/div>\r\n        <\/div>\r\n        \r\n        \t\t\t\t<\/div>\n\t\t\t\t<\/div>\n\t\t\t\t<\/div>\n\t\t<div id=\"e-n-tab-content-579065803\" role=\"tabpanel\" aria-labelledby=\"e-n-tab-title-579065803\" data-tab-index=\"3\" style=\"--n-tabs-title-order: 3;\" class=\"elementor-element elementor-element-6bba6dc e-con-full e-flex e-con e-child\" data-id=\"6bba6dc\" data-element_type=\"container\" data-e-type=\"container\">\n\t\t\t\t<div class=\"elementor-element elementor-element-e1e9707 elementor-widget elementor-widget-spacer\" data-id=\"e1e9707\" data-element_type=\"widget\" data-e-type=\"widget\" data-widget_type=\"spacer.default\">\n\t\t\t\t<div class=\"elementor-widget-container\">\n\t\t\t\t\t\t\t<div class=\"elementor-spacer\">\n\t\t\t<div class=\"elementor-spacer-inner\"><\/div>\n\t\t<\/div>\n\t\t\t\t\t\t<\/div>\n\t\t\t\t<\/div>\n\t\t\t\t<div class=\"elementor-element elementor-element-ec7b7dd elementor-widget elementor-widget-process\" data-id=\"ec7b7dd\" data-element_type=\"widget\" data-e-type=\"widget\" data-widget_type=\"process.default\">\n\t\t\t\t<div class=\"elementor-widget-container\">\n\t\t\t\t\t\r\n\r\n<div class=\"ele-section\">\r\n        <div class=\"tp-section text-center\">\r\n        \r\n        \r\n            <\/div>\r\n    \r\n    <div class=\"row\">\r\n                <div class=\"col-xl-4 col-lg-4 col-md-6\">\r\n            <div class=\"navtabs nav-primary p-relative text-center mb-40\">\r\n                <div class=\"navtabs__icon mb-35\">\r\n                                                            <div class=\"icon ele-item-icon\">\r\n                        <i aria-hidden=\"true\" class=\"tp flaticon-approval\"><\/i>                    <\/div>\r\n                                                        <\/div>\r\n                <div class=\"navtabs__content\">\r\n                                        <h5 class=\"navtabs__title mb-25 mb-10 ele-item-title\">\r\n                        Import                    <\/h5>\r\n                    \r\n                                        <p class=\"ele-item-content\">Ne sigurojm\u00eb barna dhe suplemente ushqimore t\u00eb nivelit t\u00eb lart\u00eb, duke garantuar cil\u00ebsi t\u00eb shk\u00eblqyer dhe p\u00ebrputhshm\u00ebri me standardet e industris\u00eb.<\/p>\r\n                                    <\/div>\r\n                <div class=\"navtabs__shape d-none d-lg-block\">\r\n                    <img decoding=\"async\" src=\"https:\/\/alfarmakos.com\/wp-content\/themes\/bioxlab\/assets\/img\/shape\/navtabs-01.png\" alt=\"shape\">\r\n                <\/div>\r\n            <\/div>\r\n        <\/div>\r\n                <div class=\"col-xl-4 col-lg-4 col-md-6\">\r\n            <div class=\"navtabs nav-primary p-relative text-center mb-40\">\r\n                <div class=\"navtabs__icon mb-35\">\r\n                                                            <div class=\"icon ele-item-icon\">\r\n                        <i aria-hidden=\"true\" class=\"fal fa-truck\"><\/i>                    <\/div>\r\n                                                        <\/div>\r\n                <div class=\"navtabs__content\">\r\n                                        <h5 class=\"navtabs__title mb-25 mb-10 ele-item-title\">\r\n                        Distribucion                    <\/h5>\r\n                    \r\n                                        <p class=\"ele-item-content\">Me kontrata ekskluzive dhe nj\u00eb rrjet t\u00eb konsoliduar partner\u00ebsh t\u00eb besuar, ne garantojm\u00eb shp\u00ebrndarje t\u00eb shpejt\u00eb, t\u00eb sigurt dhe n\u00eb koh\u00eb n\u00eb t\u00eb gjitha depot dhe farmacit\u00eb.<\/p>\r\n                                    <\/div>\r\n                <div class=\"navtabs__shape d-none d-lg-block\">\r\n                    <img decoding=\"async\" src=\"https:\/\/alfarmakos.com\/wp-content\/themes\/bioxlab\/assets\/img\/shape\/navtabs-01.png\" alt=\"shape\">\r\n                <\/div>\r\n            <\/div>\r\n        <\/div>\r\n                <div class=\"col-xl-4 col-lg-4 col-md-6\">\r\n            <div class=\"navtabs nav-primary p-relative text-center mb-40\">\r\n                <div class=\"navtabs__icon mb-35\">\r\n                                                            <div class=\"icon ele-item-icon\">\r\n                        <i aria-hidden=\"true\" class=\"tp flaticon-mail\"><\/i>                    <\/div>\r\n                                                        <\/div>\r\n                <div class=\"navtabs__content\">\r\n                                        <h5 class=\"navtabs__title mb-25 mb-10 ele-item-title\">\r\n                        Marketing                    <\/h5>\r\n                    \r\n                                        <p class=\"ele-item-content\">Ne ofrojm\u00eb mb\u00ebshtetje t\u00eb plot\u00eb marketingu p\u00ebr barna, suplemente ushqimore, pajisje mjek\u00ebsore dhe produkte kozmetik\u00eb. Synimi yn\u00eb \u00ebsht\u00eb t\u00eb sigurojm\u00eb q\u00eb \u00e7do pacient n\u00eb vendin ton\u00eb t\u00eb ket\u00eb akses t\u00eb shpejt\u00eb.<\/p>\r\n                                    <\/div>\r\n                <div class=\"navtabs__shape d-none d-lg-block\">\r\n                    <img decoding=\"async\" src=\"https:\/\/alfarmakos.com\/wp-content\/themes\/bioxlab\/assets\/img\/shape\/navtabs-01.png\" alt=\"shape\">\r\n                <\/div>\r\n            <\/div>\r\n        <\/div>\r\n            <\/div>\r\n<\/div>\r\n\t\t\t\t<\/div>\n\t\t\t\t<\/div>\n\t\t\t\t<\/div>\n\t\t\t\t\t<\/div>\n\t\t<\/div>\n\t\t\t\t\t\t<\/div>\n\t\t\t\t<\/div>\n\t\t\t\t\t<\/div>\n\t\t\t\t<\/div>\n\t\t\t\t<\/div>","protected":false},"excerpt":{"rendered":"<p>20 Years of Experience About us Read our MIssion &amp; Vision ALFARMAKOS imports and distributes pharmaceutical products, food supplements, medical materials and other various\u00a0products. Founded in 2005, the company has experienced sustained growth each year in the areas of product importation, distribution, marketing, and promotional activities. As a result, these efforts have substantially contributed to [&hellip;]<\/p>\n","protected":false},"author":1,"featured_media":0,"parent":0,"menu_order":0,"comment_status":"closed","ping_status":"closed","template":"","meta":{"_acf_changed":false,"_monsterinsights_skip_tracking":false,"_monsterinsights_sitenote_active":false,"_monsterinsights_sitenote_note":"","_monsterinsights_sitenote_category":0,"footnotes":""},"class_list":["post-643","page","type-page","status-publish","hentry"],"acf":[],"aioseo_notices":[],"_links":{"self":[{"href":"https:\/\/alfarmakos.com\/sq\/wp-json\/wp\/v2\/pages\/643","targetHints":{"allow":["GET"]}}],"collection":[{"href":"https:\/\/alfarmakos.com\/sq\/wp-json\/wp\/v2\/pages"}],"about":[{"href":"https:\/\/alfarmakos.com\/sq\/wp-json\/wp\/v2\/types\/page"}],"author":[{"embeddable":true,"href":"https:\/\/alfarmakos.com\/sq\/wp-json\/wp\/v2\/users\/1"}],"replies":[{"embeddable":true,"href":"https:\/\/alfarmakos.com\/sq\/wp-json\/wp\/v2\/comments?post=643"}],"version-history":[{"count":210,"href":"https:\/\/alfarmakos.com\/sq\/wp-json\/wp\/v2\/pages\/643\/revisions"}],"predecessor-version":[{"id":3829,"href":"https:\/\/alfarmakos.com\/sq\/wp-json\/wp\/v2\/pages\/643\/revisions\/3829"}],"wp:attachment":[{"href":"https:\/\/alfarmakos.com\/sq\/wp-json\/wp\/v2\/media?parent=643"}],"curies":[{"name":"wp","href":"https:\/\/api.w.org\/{rel}","templated":true}]}}