{"id":756,"date":"2022-08-22T00:47:42","date_gmt":"2022-08-22T00:47:42","guid":{"rendered":"https:\/\/weblearnbd.net\/wp\/bioxlab\/?page_id=756"},"modified":"2025-03-24T16:03:20","modified_gmt":"2025-03-24T16:03:20","slug":"news","status":"publish","type":"page","link":"https:\/\/alfarmakos.com\/sq\/news\/","title":{"rendered":"Faq"},"content":{"rendered":"<div data-elementor-type=\"wp-page\" data-elementor-id=\"756\" class=\"elementor elementor-756\">\n\t\t\t\t\t\t<section class=\"elementor-section elementor-top-section elementor-element elementor-element-0a6110c elementor-section-boxed elementor-section-height-default elementor-section-height-default\" data-id=\"0a6110c\" data-element_type=\"section\" data-e-type=\"section\">\n\t\t\t\t\t\t<div class=\"elementor-container elementor-column-gap-default\">\n\t\t\t\t\t<div class=\"elementor-column elementor-col-100 elementor-top-column elementor-element elementor-element-463403e\" data-id=\"463403e\" data-element_type=\"column\" data-e-type=\"column\">\n\t\t\t<div class=\"elementor-widget-wrap elementor-element-populated\">\n\t\t\t\t\t\t<div class=\"elementor-element elementor-element-9a06c0d elementor-widget elementor-widget-tp-heading\" data-id=\"9a06c0d\" data-element_type=\"widget\" data-e-type=\"widget\" data-widget_type=\"tp-heading.default\">\n\t\t\t\t<div class=\"elementor-widget-container\">\n\t\t\t\t\t\r\n\t\t\r\n        \r\n        \r\n        \t\t\t\t<\/div>\n\t\t\t\t<\/div>\n\t\t\t\t<div class=\"elementor-element elementor-element-abd69bc elementor-widget elementor-widget-tp-faq\" data-id=\"abd69bc\" data-element_type=\"widget\" data-e-type=\"widget\" data-widget_type=\"tp-faq.default\">\n\t\t\t\t<div class=\"elementor-widget-container\">\n\t\t\t\t\t\r\n\r\n\r\n<div class=\"faq-accordion ele-section\">\r\n\t<div class=\"accordion\" id=\"accordionExample\">\r\n\t\t\t\t<div class=\"accordion-items\">\r\n\t\t\t\t<h2 class=\"accordion-header\" id=\"headingOne-0\">\r\n\t\t\t\t<button class=\"accordion-button tp-el-title\" type=\"button\" data-bs-toggle=\"collapse\" data-bs-target=\"#collapseOne-0\" aria-expanded=\"true\" aria-controls=\"collapseOne-0\">Njoftim<\/button>\r\n\t\t\t\t<\/h2>\r\n\t\t\t\t<div id=\"collapseOne-0\" class=\"accordion-collapse collapse show\" aria-labelledby=\"headingOne-0\" data-bs-parent=\"#accordionExample\">\r\n\t\t\t\t<div class=\"accordion-content\">\r\n\t\t\t\t\t<p class=\"tp-el-desc\">Ju njoftojm\u00eb se Mbajt\u00ebsi i Autorizimit p\u00ebr Tregtim, <i>\u201cARDEYPHARM GMBH GJERMANI\u201d<\/i>,\u00a0ka vendosur\nt\u00ebrheqjen vullnetare nga tregu p\u00ebr barin\u00a0<strong>ADICLAIR Suspension x 100 000 IU\/ml (NYSTATIN )Box x flacon\nx 48ml<\/strong>\u00a0me num\u00ebr serie\u00a0<strong>320720<\/strong>\u00a0me skadenc\u00eb 12\/2025 dhe\u00a0<strong>410740<\/strong>\u00a0me skadenc\u00eb 07\/2026 kjo si\nrrjedhoje se gjate analizave rutin\u00eb mbi stabilitetin ka rezultuar r\u00ebnie n\u00eb p\u00ebrmbajtjen e APl-s\u00ae (Nystatin)\nn\u00ebn kufirin e specifikimeve p\u00ebr barin.<br>\nT\u00eb gjitha serit\u00eb e tjera p\u00ebrve\u00e7 atyre t\u00eb cituara m\u00eb lart nuk preken nga procesi i t\u00ebrheqjes. <br>\nK\u00ebt\u00eb informacion mund ta gjeni edhe n\u00eb faqen zyrtare t\u00eb Agjencis\u00eb s\u00eb Barnave dhe Pajisjeve Mjek\u00ebsore.<br>\nP\u00ebr \u00e7do pyetje dhe informacion t\u00eb m\u00ebtejsh\u00ebm, ju lutemi referohuni n\u00eb adres\u00ebn elektronike\n<strong>pharmacovigilance@alfarmakos.al<\/strong> ose nr t\u00eb telefonit <strong>044502100<\/strong> <br>\nJu fal\u00ebnderojm\u00eb p\u00ebr mir\u00ebkuptimin dhe mb\u00ebshtetjen tuaj t\u00eb vazhdueshme!<br>\nNga departamenti i Farmakovigjilenc\u00ebs dhe Sigurimit t\u00eb Cil\u00ebsis\u00eb\u00a0\u00a0<br>\nAlfarmakos sh.p .k<\/p>\r\n\t\t\t\t<\/div>\r\n\t\t\t\t<\/div>\r\n\t\t<\/div>\r\n\t\t  \r\n\t<\/div>\r\n<\/div>\r\n\r\n\t\t\t\t<\/div>\n\t\t\t\t<\/div>\n\t\t\t\t\t<\/div>\n\t\t<\/div>\n\t\t\t\t\t<\/div>\n\t\t<\/section>\n\t\t\t\t<\/div>","protected":false},"excerpt":{"rendered":"<p>Njoftim Ju njoftojm\u00eb se Mbajt\u00ebsi i Autorizimit p\u00ebr Tregtim, \u201cARDEYPHARM GMBH GJERMANI\u201d,\u00a0ka vendosur t\u00ebrheqjen vullnetare nga tregu p\u00ebr barin\u00a0ADICLAIR Suspension x 100 000 IU\/ml (NYSTATIN )Box x flacon x 48ml\u00a0me num\u00ebr serie\u00a0320720\u00a0me skadenc\u00eb 12\/2025 dhe\u00a0410740\u00a0me skadenc\u00eb 07\/2026 kjo si rrjedhoje se gjate analizave rutin\u00eb mbi stabilitetin ka rezultuar r\u00ebnie n\u00eb p\u00ebrmbajtjen e APl-s\u00ae (Nystatin) n\u00ebn [&hellip;]<\/p>\n","protected":false},"author":1,"featured_media":0,"parent":0,"menu_order":0,"comment_status":"closed","ping_status":"closed","template":"elementor_header_footer","meta":{"_acf_changed":false,"_monsterinsights_skip_tracking":false,"_monsterinsights_sitenote_active":false,"_monsterinsights_sitenote_note":"","_monsterinsights_sitenote_category":0,"footnotes":""},"class_list":["post-756","page","type-page","status-publish","hentry"],"acf":[],"aioseo_notices":[],"_links":{"self":[{"href":"https:\/\/alfarmakos.com\/sq\/wp-json\/wp\/v2\/pages\/756","targetHints":{"allow":["GET"]}}],"collection":[{"href":"https:\/\/alfarmakos.com\/sq\/wp-json\/wp\/v2\/pages"}],"about":[{"href":"https:\/\/alfarmakos.com\/sq\/wp-json\/wp\/v2\/types\/page"}],"author":[{"embeddable":true,"href":"https:\/\/alfarmakos.com\/sq\/wp-json\/wp\/v2\/users\/1"}],"replies":[{"embeddable":true,"href":"https:\/\/alfarmakos.com\/sq\/wp-json\/wp\/v2\/comments?post=756"}],"version-history":[{"count":52,"href":"https:\/\/alfarmakos.com\/sq\/wp-json\/wp\/v2\/pages\/756\/revisions"}],"predecessor-version":[{"id":3729,"href":"https:\/\/alfarmakos.com\/sq\/wp-json\/wp\/v2\/pages\/756\/revisions\/3729"}],"wp:attachment":[{"href":"https:\/\/alfarmakos.com\/sq\/wp-json\/wp\/v2\/media?parent=756"}],"curies":[{"name":"wp","href":"https:\/\/api.w.org\/{rel}","templated":true}]}}