{"id":779,"date":"2022-08-22T01:17:53","date_gmt":"2022-08-22T01:17:53","guid":{"rendered":"https:\/\/weblearnbd.net\/wp\/bioxlab\/?page_id=779"},"modified":"2025-03-26T11:55:22","modified_gmt":"2025-03-26T11:55:22","slug":"ecommerce","status":"publish","type":"page","link":"https:\/\/alfarmakos.com\/sq\/ecommerce\/","title":{"rendered":"Ecommerce"},"content":{"rendered":"<div data-elementor-type=\"wp-page\" data-elementor-id=\"779\" class=\"elementor elementor-779\">\n\t\t\t\t\t\t<section class=\"elementor-section elementor-top-section elementor-element elementor-element-8719dbd elementor-section-full_width elementor-section-height-default elementor-section-height-default\" data-id=\"8719dbd\" data-element_type=\"section\" data-e-type=\"section\" data-settings=\"{&quot;background_background&quot;:&quot;classic&quot;}\">\n\t\t\t\t\t\t<div class=\"elementor-container elementor-column-gap-no\">\n\t\t\t\t\t<div class=\"elementor-column elementor-col-100 elementor-top-column elementor-element elementor-element-7929e10\" data-id=\"7929e10\" data-element_type=\"column\" data-e-type=\"column\">\n\t\t\t<div class=\"elementor-widget-wrap elementor-element-populated\">\n\t\t\t\t\t\t<div class=\"elementor-element elementor-element-8e4356e elementor-widget elementor-widget-process\" data-id=\"8e4356e\" data-element_type=\"widget\" data-e-type=\"widget\" data-widget_type=\"process.default\">\n\t\t\t\t<div class=\"elementor-widget-container\">\n\t\t\t\t\t\r\n\r\n<div class=\"style-2\"><\/div>\r\n\r\n<section class=\"process-area process-bg ele-section\">\r\n    <div class=\"container-fluid p-0 process-active\">\r\n        <div class=\"swiper-wrapper\">\r\n                        <div class=\"swiper-slide\">\r\n                <div class=\"fea-box\">\r\n                    <div class=\"tp-process\">\r\n                        <div class=\"tp-process__icon mb-40\">\r\n                                                                                    <div class=\"icon ele-item-icon\">\r\n                                <i aria-hidden=\"true\" class=\"fal fa-shopping-cart\"><\/i>                            <\/div>\r\n                                                                                <\/div>\r\n                        <div class=\"tp-process__content\">\r\n                                                        <h5 class=\"tp-process__title mb-20 ele-item-title\">\r\n                                Seamless Shopping Experience                            <\/h5>\r\n                            \r\n                                                        <p class=\"ele-item-content\">Our platform is designed to make browsing and purchasing seamless and easy.<\/p>\r\n                                                    <\/div>\r\n                    <\/div>\r\n                <\/div>\r\n            <\/div>\r\n                        <div class=\"swiper-slide\">\r\n                <div class=\"fea-box\">\r\n                    <div class=\"tp-process\">\r\n                        <div class=\"tp-process__icon mb-40\">\r\n                                                                                    <div class=\"icon ele-item-icon\">\r\n                                <i aria-hidden=\"true\" class=\"tp flaticon-user\"><\/i>                            <\/div>\r\n                                                                                <\/div>\r\n                        <div class=\"tp-process__content\">\r\n                                                        <h5 class=\"tp-process__title mb-20 ele-item-title\">\r\n                                Pagesa t\u00eb Sigurta                            <\/h5>\r\n                            \r\n                                                        <p class=\"ele-item-content\">Ne sigurojm\u00eb mund\u00ebsi pagese t\u00eb sigurta dhe t\u00eb besueshme.<\/p>\r\n                                                    <\/div>\r\n                    <\/div>\r\n                <\/div>\r\n            <\/div>\r\n                        <div class=\"swiper-slide\">\r\n                <div class=\"fea-box\">\r\n                    <div class=\"tp-process\">\r\n                        <div class=\"tp-process__icon mb-40\">\r\n                                                                                    <div class=\"icon ele-item-icon\">\r\n                                <i aria-hidden=\"true\" class=\"fal fa-map-marked-alt\"><\/i>                            <\/div>\r\n                                                                                <\/div>\r\n                        <div class=\"tp-process__content\">\r\n                                                        <h5 class=\"tp-process__title mb-20 ele-item-title\">\r\n                                Shp\u00ebrndarje n\u00eb Koh\u00eb dhe t\u00eb Besueshme                            <\/h5>\r\n                            \r\n                                                        <p class=\"ele-item-content\">Shp\u00ebrndarje e barnave shpejt dhe n\u00eb m\u00ebnyr\u00eb t\u00eb besueshme.<\/p>\r\n                                                    <\/div>\r\n                    <\/div>\r\n                <\/div>\r\n            <\/div>\r\n                        <div class=\"swiper-slide\">\r\n                <div class=\"fea-box\">\r\n                    <div class=\"tp-process\">\r\n                        <div class=\"tp-process__icon mb-40\">\r\n                                                                                    <div class=\"icon ele-item-icon\">\r\n                                <i aria-hidden=\"true\" class=\"tp flaticon-24-hours-1\"><\/i>                            <\/div>\r\n                                                                                <\/div>\r\n                        <div class=\"tp-process__content\">\r\n                                                        <h5 class=\"tp-process__title mb-20 ele-item-title\">\r\n                                Angazhimi p\u00ebr K\u00ebnaq\u00ebsin\u00eb e Klientit                            <\/h5>\r\n                            \r\n                                                        <p class=\"ele-item-content\">Jemi t\u00eb angazhuar p\u00ebr t\u00eb tejkaluar pritshm\u00ebrit\u00eb e klient\u00ebve, duke v\u00ebn\u00eb theksin te cil\u00ebsia n\u00eb \u00e7do nd\u00ebrveprim.<\/p>\r\n                                                    <\/div>\r\n                    <\/div>\r\n                <\/div>\r\n            <\/div>\r\n                    <\/div>\r\n    <\/div>\r\n<\/section>\r\n\r\n\t\t\t\t<\/div>\n\t\t\t\t<\/div>\n\t\t\t\t\t<\/div>\n\t\t<\/div>\n\t\t\t\t\t<\/div>\n\t\t<\/section>\n\t\t\t\t<section class=\"elementor-section elementor-top-section elementor-element elementor-element-46d702b elementor-section-full_width elementor-section-height-default elementor-section-height-default\" data-id=\"46d702b\" data-element_type=\"section\" data-e-type=\"section\" data-settings=\"{&quot;background_background&quot;:&quot;classic&quot;}\">\n\t\t\t\t\t\t<div class=\"elementor-container elementor-column-gap-no\">\n\t\t\t\t\t<div class=\"elementor-column elementor-col-100 elementor-top-column elementor-element elementor-element-f820465\" data-id=\"f820465\" data-element_type=\"column\" data-e-type=\"column\">\n\t\t\t<div class=\"elementor-widget-wrap elementor-element-populated\">\n\t\t\t\t\t\t<div class=\"elementor-element elementor-element-518bc5d elementor-widget elementor-widget-contactform\" data-id=\"518bc5d\" data-element_type=\"widget\" data-e-type=\"widget\" data-widget_type=\"contactform.default\">\n\t\t\t\t<div class=\"elementor-widget-container\">\n\t\t\t\t\t\r\n\r\n<section class=\"support-area ele-section\">\r\n    <div class=\"container\">\r\n        <div class=\"row text-center\">\r\n            <div class=\"col-lg-12 col-md-12 col-12\">\r\n                                <div class=\"tp-section\">\r\n                                            <span class=\"tp-section__sub-title left-line right-line mb-20 ele-subtitle\">Na kontraktoni<\/span>\r\n                                        <h2 class=\"tp-section__title mb-70 ele-title\">Na kontaktoni p\u00ebr \u00e7do pyetje ose k\u00ebrkes\u00eb<\/h2>\r\n                <\/div>\r\n                            <\/div>\r\n        <\/div>\r\n        <div class=\"row justify-content-center\">\r\n            <div class=\"col-xl-10 col-lg-12 col-md-12 col-12\">\r\n                <div class=\"tp-support-form text-center\">\r\n                    \r\n                                        <div class=\"form-wrapper\">\r\n                        \n<div class=\"wpcf7 no-js\" id=\"wpcf7-f284-o1\" lang=\"en-US\" dir=\"ltr\" data-wpcf7-id=\"284\">\n<div class=\"screen-reader-response\"><p role=\"status\" aria-live=\"polite\" aria-atomic=\"true\"><\/p> <ul><\/ul><\/div>\n<form action=\"\/sq\/wp-json\/wp\/v2\/pages\/779#wpcf7-f284-o1\" method=\"post\" class=\"wpcf7-form init\" aria-label=\"Contact form\" novalidate=\"novalidate\" data-status=\"init\" data-trp-original-action=\"\/sq\/wp-json\/wp\/v2\/pages\/779#wpcf7-f284-o1\">\n<fieldset class=\"hidden-fields-container\"><input type=\"hidden\" name=\"_wpcf7\" value=\"284\" \/><input type=\"hidden\" name=\"_wpcf7_version\" value=\"6.1.5\" \/><input type=\"hidden\" name=\"_wpcf7_locale\" value=\"en_US\" \/><input type=\"hidden\" name=\"_wpcf7_unit_tag\" value=\"wpcf7-f284-o1\" \/><input type=\"hidden\" name=\"_wpcf7_container_post\" value=\"0\" \/><input type=\"hidden\" name=\"_wpcf7_posted_data_hash\" value=\"\" \/>\n<\/fieldset>\n<span class=\"wpcf7-form-control-wrap\" data-name=\"t-name\"><input size=\"40\" maxlength=\"400\" class=\"wpcf7-form-control wpcf7-text\" aria-invalid=\"false\" placeholder=\"Shkruani Emrin tuaj\" value=\"\" type=\"text\" name=\"t-name\" \/><\/span>\n<span class=\"wpcf7-form-control-wrap\" data-name=\"t-email\"><input size=\"40\" maxlength=\"400\" class=\"wpcf7-form-control wpcf7-email wpcf7-text wpcf7-validates-as-email\" aria-invalid=\"false\" placeholder=\"Enter your Mail\" value=\"\" type=\"email\" name=\"t-email\" \/><\/span>\n<span class=\"wpcf7-form-control-wrap\" data-name=\"t-message\"><textarea cols=\"40\" rows=\"10\" maxlength=\"2000\" class=\"wpcf7-form-control wpcf7-textarea\" aria-invalid=\"false\" placeholder=\"Type your message\" name=\"t-message\"><\/textarea><\/span>\n<div class=\"tp-support-form__btn\">\n    <button type=\"submit\" class=\"tp-btn\">D\u00ebrgo<\/button>\n<\/div><p style=\"display: none !important;\" class=\"akismet-fields-container\" data-prefix=\"_wpcf7_ak_\"><label>&#916;<textarea name=\"_wpcf7_ak_hp_textarea\" cols=\"45\" rows=\"8\" maxlength=\"100\"><\/textarea><\/label><input type=\"hidden\" id=\"ak_js_1\" name=\"_wpcf7_ak_js\" value=\"11\"\/><script>document.getElementById( \"ak_js_1\" ).setAttribute( \"value\", ( new Date() ).getTime() );<\/script><\/p><div class=\"wpcf7-response-output\" aria-hidden=\"true\"><\/div>\n<input type=\"hidden\" name=\"trp-form-language\" value=\"sq\"\/><\/form>\n<\/div>\n                    <\/div>\r\n                                    <\/div>\r\n            <\/div>\r\n        <\/div>\r\n    <\/div>\r\n<\/section>\r\n\r\n\t\t\t\t<\/div>\n\t\t\t\t<\/div>\n\t\t\t\t\t<\/div>\n\t\t<\/div>\n\t\t\t\t\t<\/div>\n\t\t<\/section>\n\t\t\t\t<\/div>","protected":false},"excerpt":{"rendered":"<p>Seamless Shopping Experience Our platform is designed to make browsing and purchasing seamless and easy. Safe and Secure Payments We provide reliable payment options that ensure a secure experience Timely and Dependable Delivery Receive your pharmaceutical products quickly and reliably. Commitment to Customer Satisfaction We are committed to meeting and exceeding customer expectations, prioritizing quality [&hellip;]<\/p>\n","protected":false},"author":1,"featured_media":0,"parent":0,"menu_order":0,"comment_status":"closed","ping_status":"closed","template":"elementor_header_footer","meta":{"_acf_changed":false,"_monsterinsights_skip_tracking":false,"_monsterinsights_sitenote_active":false,"_monsterinsights_sitenote_note":"","_monsterinsights_sitenote_category":0,"footnotes":""},"class_list":["post-779","page","type-page","status-publish","hentry"],"acf":[],"aioseo_notices":[],"_links":{"self":[{"href":"https:\/\/alfarmakos.com\/sq\/wp-json\/wp\/v2\/pages\/779","targetHints":{"allow":["GET"]}}],"collection":[{"href":"https:\/\/alfarmakos.com\/sq\/wp-json\/wp\/v2\/pages"}],"about":[{"href":"https:\/\/alfarmakos.com\/sq\/wp-json\/wp\/v2\/types\/page"}],"author":[{"embeddable":true,"href":"https:\/\/alfarmakos.com\/sq\/wp-json\/wp\/v2\/users\/1"}],"replies":[{"embeddable":true,"href":"https:\/\/alfarmakos.com\/sq\/wp-json\/wp\/v2\/comments?post=779"}],"version-history":[{"count":24,"href":"https:\/\/alfarmakos.com\/sq\/wp-json\/wp\/v2\/pages\/779\/revisions"}],"predecessor-version":[{"id":3873,"href":"https:\/\/alfarmakos.com\/sq\/wp-json\/wp\/v2\/pages\/779\/revisions\/3873"}],"wp:attachment":[{"href":"https:\/\/alfarmakos.com\/sq\/wp-json\/wp\/v2\/media?parent=779"}],"curies":[{"name":"wp","href":"https:\/\/api.w.org\/{rel}","templated":true}]}}