{"id":780,"date":"2022-08-22T01:08:43","date_gmt":"2022-08-22T01:08:43","guid":{"rendered":"https:\/\/weblearnbd.net\/wp\/bioxlab\/?page_id=780"},"modified":"2025-03-26T11:39:51","modified_gmt":"2025-03-26T11:39:51","slug":"warehousing","status":"publish","type":"page","link":"https:\/\/alfarmakos.com\/sq\/warehousing\/","title":{"rendered":"Magazinimi"},"content":{"rendered":"<div data-elementor-type=\"wp-page\" data-elementor-id=\"780\" class=\"elementor elementor-780\">\n\t\t\t\t\t\t<section class=\"elementor-section elementor-top-section elementor-element elementor-element-e9a05bf elementor-section-boxed elementor-section-height-default elementor-section-height-default\" data-id=\"e9a05bf\" data-element_type=\"section\" data-e-type=\"section\" data-settings=\"{&quot;background_background&quot;:&quot;classic&quot;}\">\n\t\t\t\t\t\t<div class=\"elementor-container elementor-column-gap-no\">\n\t\t\t\t\t<div class=\"elementor-column elementor-col-50 elementor-top-column elementor-element elementor-element-1b4e3af\" data-id=\"1b4e3af\" data-element_type=\"column\" data-e-type=\"column\">\n\t\t\t<div class=\"elementor-widget-wrap elementor-element-populated\">\n\t\t\t\t\t\t<div class=\"elementor-element elementor-element-b1dfa9d elementor-widget elementor-widget-tp-heading\" data-id=\"b1dfa9d\" data-element_type=\"widget\" data-e-type=\"widget\" data-widget_type=\"tp-heading.default\">\n\t\t\t\t<div class=\"elementor-widget-container\">\n\t\t\t\t\t\r\n\t\t\r\n                    <div class=\"tp-section\">\r\n                                <span class=\"tp-section__sub-title left-line right-line mb-25 tp-el-subtitle\">\r\n                    our SERVICES                <\/span>\r\n                                <h2 class=\"tp-section__title tp-el-title mb-70\">Magazinimi<\/h2>                            <\/div>\r\n        \r\n        \r\n        \t\t\t\t<\/div>\n\t\t\t\t<\/div>\n\t\t\t\t<div class=\"elementor-element elementor-element-9a61d8d elementor-widget elementor-widget-services\" data-id=\"9a61d8d\" data-element_type=\"widget\" data-e-type=\"widget\" data-widget_type=\"services.default\">\n\t\t\t\t<div class=\"elementor-widget-container\">\n\t\t\t\t\t\r\n\r\n<section class=\"services-area ele-section\">\r\n    <div class=\"container\">\r\n        <div class=\"row text-center\">\r\n            <div class=\"col-lg-12 col-md-12 col-12\">\r\n                            <\/div>\r\n        <\/div>\r\n        <div class=\"row\">\r\n                        <div class=\"col-xl-12 col-lg-12 col-md-12 col-12\">\r\n                <div class=\"services-item mb-40 wow fadeInUp elementor-repeater-item-b0d8513 ele-feature-section\" data-wow-delay=\".2s\">\r\n                    <div class=\"services-item__icon mb-30\">\r\n                                                                                    <span class=\"tp-sv-icon ele-feature-icon\">\r\n                                    <i aria-hidden=\"true\" class=\"fal fa-cube\"><\/i>                                <\/span>\r\n                                                                        <\/div>\r\n                    <div class=\"services-item__content\">\r\n                        \r\n                                                    <p class=\"ele-feature-content\">Ambientet e kompanis\u00eb son\u00eb shtrihen n\u00eb m\u00eb shum\u00eb se 2,707 m\u00b2 dhe jan\u00eb projektuar p\u00ebr t\u00eb p\u00ebrmbushur standardet m\u00eb t\u00eb larta t\u00eb industris\u00eb. Ne sigurojm\u00eb q\u00eb t\u00eb gjitha produktet  t\u00eb ruhen n\u00eb p\u00ebrputhje me Praktikat e Mira t\u00eb Ruajtjes dhe Shp\u00ebrndarjes, duke ruajtur cil\u00ebsin\u00eb dhe integritetin e barnave dhe suplementeve ushqimore. Me pajisje moderne dhe nj\u00eb sistem t\u00eb mir\u00eborganizuar, ne ofrojm\u00eb zgjidhje t\u00eb sigurta dhe efikase, duke garantuar nj\u00eb shp\u00ebrndarje t\u00eb shpejt\u00eb dhe nj\u00eb sh\u00ebrbim t\u00eb besuesh\u00ebm p\u00ebr klient\u00ebt tan\u00eb.<\/p>\r\n                            \r\n                                                    <div class=\"services-item__btn\">\r\n                                <a class=\"btn-hexa ele-feature-button\" target=\"_self\" rel=\"nofollow\" href=\"https:\/\/alfarmakos.com\/sq\/regulatory-pharmacovigilance\/\">\r\n                                <i><\/i>                                <\/a>\r\n                            <\/div>\r\n                                            <\/div>\r\n                <\/div>\r\n            <\/div>\r\n                    <\/div>\r\n    <\/div>\r\n<\/section>\r\n\r\n\t\t\t\t<\/div>\n\t\t\t\t<\/div>\n\t\t\t\t\t<\/div>\n\t\t<\/div>\n\t\t\t\t<div class=\"elementor-column elementor-col-50 elementor-top-column elementor-element elementor-element-7c3e2d3\" data-id=\"7c3e2d3\" data-element_type=\"column\" data-e-type=\"column\">\n\t\t\t<div class=\"elementor-widget-wrap elementor-element-populated\">\n\t\t\t\t\t\t<div class=\"elementor-element elementor-element-f416a2f elementor-widget elementor-widget-spacer\" data-id=\"f416a2f\" data-element_type=\"widget\" data-e-type=\"widget\" data-widget_type=\"spacer.default\">\n\t\t\t\t<div class=\"elementor-widget-container\">\n\t\t\t\t\t\t\t<div class=\"elementor-spacer\">\n\t\t\t<div class=\"elementor-spacer-inner\"><\/div>\n\t\t<\/div>\n\t\t\t\t\t\t<\/div>\n\t\t\t\t<\/div>\n\t\t\t\t<div class=\"elementor-element elementor-element-2307fbc elementor-arrows-position-inside elementor-pagination-position-outside elementor-widget elementor-widget-image-carousel\" data-id=\"2307fbc\" data-element_type=\"widget\" data-e-type=\"widget\" data-settings=\"{&quot;slides_to_show&quot;:&quot;1&quot;,&quot;navigation&quot;:&quot;both&quot;,&quot;autoplay&quot;:&quot;yes&quot;,&quot;pause_on_hover&quot;:&quot;yes&quot;,&quot;pause_on_interaction&quot;:&quot;yes&quot;,&quot;autoplay_speed&quot;:5000,&quot;infinite&quot;:&quot;yes&quot;,&quot;effect&quot;:&quot;slide&quot;,&quot;speed&quot;:500}\" data-widget_type=\"image-carousel.default\">\n\t\t\t\t<div class=\"elementor-widget-container\">\n\t\t\t\t\t\t\t<div class=\"elementor-image-carousel-wrapper swiper\" role=\"region\" aria-roledescription=\"carousel\" aria-label=\"Image Carousel\" dir=\"ltr\">\n\t\t\t<div class=\"elementor-image-carousel swiper-wrapper\" aria-live=\"off\">\n\t\t\t\t\t\t\t\t<div class=\"swiper-slide\" role=\"group\" aria-roledescription=\"slide\" aria-label=\"1 of 1\"><figure class=\"swiper-slide-inner\"><img decoding=\"async\" class=\"swiper-slide-image\" src=\"https:\/\/alfarmakos.com\/wp-content\/uploads\/2025\/03\/PHOTO-2025-03-21-14-50-48-2.jpg\" alt=\"PHOTO-2025-03-21-14-50-48\" \/><\/figure><\/div>\t\t\t<\/div>\n\t\t\t\t\t<\/div>\n\t\t\t\t\t\t<\/div>\n\t\t\t\t<\/div>\n\t\t\t\t\t<\/div>\n\t\t<\/div>\n\t\t\t\t\t<\/div>\n\t\t<\/section>\n\t\t\t\t<section class=\"elementor-section elementor-top-section elementor-element elementor-element-71cc9bc elementor-section-full_width elementor-section-height-default elementor-section-height-default\" data-id=\"71cc9bc\" data-element_type=\"section\" data-e-type=\"section\" data-settings=\"{&quot;background_background&quot;:&quot;classic&quot;}\">\n\t\t\t\t\t\t<div class=\"elementor-container elementor-column-gap-no\">\n\t\t\t\t\t<div class=\"elementor-column elementor-col-100 elementor-top-column elementor-element elementor-element-9733902\" data-id=\"9733902\" data-element_type=\"column\" data-e-type=\"column\">\n\t\t\t<div class=\"elementor-widget-wrap elementor-element-populated\">\n\t\t\t\t\t\t<div class=\"elementor-element elementor-element-8ce0220 elementor-widget elementor-widget-services\" data-id=\"8ce0220\" data-element_type=\"widget\" data-e-type=\"widget\" data-widget_type=\"services.default\">\n\t\t\t\t<div class=\"elementor-widget-container\">\n\t\t\t\t\t\r\n\r\n<section class=\"services-area ele-section\">\r\n    <div class=\"container\">\r\n        <div class=\"row text-center\">\r\n            <div class=\"col-lg-12 col-md-12 col-12\">\r\n                                    <div class=\"tp-section\">\r\n                                                                                            <\/div>\r\n                            <\/div>\r\n        <\/div>\r\n        <div class=\"row\">\r\n                        <div class=\"col-xl-4 col-lg-6 col-md-6 col-12\">\r\n                <div class=\"services-item mb-40 wow fadeInUp elementor-repeater-item-b0d8513 ele-feature-section\" data-wow-delay=\".2s\">\r\n                    <div class=\"services-item__icon mb-30\">\r\n                                                                                                <\/div>\r\n                    <div class=\"services-item__content\">\r\n                                                    <h4 class=\"services-item__tp-title tp-srv-title mb-30 ele-feature-title\">\r\n                                                                    Paleta                                                            <\/h4>\r\n                        \r\n                            \r\n                                            <\/div>\r\n                <\/div>\r\n            <\/div>\r\n                        <div class=\"col-xl-4 col-lg-6 col-md-6 col-12\">\r\n                <div class=\"services-item mb-40 wow fadeInUp elementor-repeater-item-d3aa3b8 ele-feature-section\" data-wow-delay=\".2s\">\r\n                    <div class=\"services-item__icon mb-30\">\r\n                                                                                                <\/div>\r\n                    <div class=\"services-item__content\">\r\n                                                    <h4 class=\"services-item__tp-title tp-srv-title mb-30 ele-feature-title\">\r\n                                                                    Ruajtje dhe Organizim                                                            <\/h4>\r\n                        \r\n                            \r\n                                            <\/div>\r\n                <\/div>\r\n            <\/div>\r\n                        <div class=\"col-xl-4 col-lg-6 col-md-6 col-12\">\r\n                <div class=\"services-item mb-40 wow fadeInUp elementor-repeater-item-11e5a55 ele-feature-section\" data-wow-delay=\".2s\">\r\n                    <div class=\"services-item__icon mb-30\">\r\n                                                                                                <\/div>\r\n                    <div class=\"services-item__content\">\r\n                                                    <h4 class=\"services-item__tp-title tp-srv-title mb-30 ele-feature-title\">\r\n                                                                    Depo t\u00eb ftohta                                                            <\/h4>\r\n                        \r\n                            \r\n                                            <\/div>\r\n                <\/div>\r\n            <\/div>\r\n                        <div class=\"col-xl-4 col-lg-6 col-md-6 col-12\">\r\n                <div class=\"services-item mb-40 wow fadeInUp elementor-repeater-item-c04ed70 ele-feature-section\" data-wow-delay=\".2s\">\r\n                    <div class=\"services-item__icon mb-30\">\r\n                                                                                                <\/div>\r\n                    <div class=\"services-item__content\">\r\n                                                    <h4 class=\"services-item__tp-title tp-srv-title mb-30 ele-feature-title\">\r\n                                                                    Sisteme sigurie                                                            <\/h4>\r\n                        \r\n                            \r\n                                            <\/div>\r\n                <\/div>\r\n            <\/div>\r\n                        <div class=\"col-xl-4 col-lg-6 col-md-6 col-12\">\r\n                <div class=\"services-item mb-40 wow fadeInUp elementor-repeater-item-b54ec26 ele-feature-section\" data-wow-delay=\".2s\">\r\n                    <div class=\"services-item__icon mb-30\">\r\n                                                                                                <\/div>\r\n                    <div class=\"services-item__content\">\r\n                                                    <h4 class=\"services-item__tp-title tp-srv-title mb-30 ele-feature-title\">\r\n                                                                    Menaxhimi i magazin\u00ebs                                                            <\/h4>\r\n                        \r\n                            \r\n                                            <\/div>\r\n                <\/div>\r\n            <\/div>\r\n                        <div class=\"col-xl-4 col-lg-6 col-md-6 col-12\">\r\n                <div class=\"services-item mb-40 wow fadeInUp elementor-repeater-item-8413788 ele-feature-section\" data-wow-delay=\".2s\">\r\n                    <div class=\"services-item__icon mb-30\">\r\n                                                                                                <\/div>\r\n                    <div class=\"services-item__content\">\r\n                                                    <h4 class=\"services-item__tp-title tp-srv-title mb-30 ele-feature-title\">\r\n                                                                    Sistem p\u00ebr mbrojtje nga zjarri                                                            <\/h4>\r\n                        \r\n                            \r\n                                            <\/div>\r\n                <\/div>\r\n            <\/div>\r\n                    <\/div>\r\n    <\/div>\r\n<\/section>\r\n\r\n\t\t\t\t<\/div>\n\t\t\t\t<\/div>\n\t\t\t\t\t<\/div>\n\t\t<\/div>\n\t\t\t\t\t<\/div>\n\t\t<\/section>\n\t\t\t\t<section class=\"elementor-section elementor-top-section elementor-element elementor-element-96aef9f elementor-section-full_width elementor-section-height-default elementor-section-height-default\" data-id=\"96aef9f\" data-element_type=\"section\" data-e-type=\"section\" data-settings=\"{&quot;background_background&quot;:&quot;classic&quot;}\">\n\t\t\t\t\t\t<div class=\"elementor-container elementor-column-gap-no\">\n\t\t\t\t\t<div class=\"elementor-column elementor-col-100 elementor-top-column elementor-element elementor-element-1d5c2df\" data-id=\"1d5c2df\" data-element_type=\"column\" data-e-type=\"column\">\n\t\t\t<div class=\"elementor-widget-wrap elementor-element-populated\">\n\t\t\t\t\t\t<div class=\"elementor-element elementor-element-49ce0d8 elementor-widget elementor-widget-contactform\" data-id=\"49ce0d8\" data-element_type=\"widget\" data-e-type=\"widget\" data-widget_type=\"contactform.default\">\n\t\t\t\t<div class=\"elementor-widget-container\">\n\t\t\t\t\t\r\n\r\n<section class=\"support-area ele-section\">\r\n    <div class=\"container\">\r\n        <div class=\"row text-center\">\r\n            <div class=\"col-lg-12 col-md-12 col-12\">\r\n                                <div class=\"tp-section\">\r\n                                            <span class=\"tp-section__sub-title left-line right-line mb-20 ele-subtitle\">Na kontraktoni<\/span>\r\n                                        <h2 class=\"tp-section__title mb-70 ele-title\">Na kontaktoni p\u00ebr \u00e7do pyetje ose k\u00ebrkes\u00eb<\/h2>\r\n                <\/div>\r\n                            <\/div>\r\n        <\/div>\r\n        <div class=\"row justify-content-center\">\r\n            <div class=\"col-xl-10 col-lg-12 col-md-12 col-12\">\r\n                <div class=\"tp-support-form text-center\">\r\n                    \r\n                                        <div class=\"form-wrapper\">\r\n                        \n<div class=\"wpcf7 no-js\" id=\"wpcf7-f284-o1\" lang=\"en-US\" dir=\"ltr\" data-wpcf7-id=\"284\">\n<div class=\"screen-reader-response\"><p role=\"status\" aria-live=\"polite\" aria-atomic=\"true\"><\/p> <ul><\/ul><\/div>\n<form action=\"\/sq\/wp-json\/wp\/v2\/pages\/780#wpcf7-f284-o1\" method=\"post\" class=\"wpcf7-form init\" aria-label=\"Contact form\" novalidate=\"novalidate\" data-status=\"init\" data-trp-original-action=\"\/sq\/wp-json\/wp\/v2\/pages\/780#wpcf7-f284-o1\">\n<fieldset class=\"hidden-fields-container\"><input type=\"hidden\" name=\"_wpcf7\" value=\"284\" \/><input type=\"hidden\" name=\"_wpcf7_version\" value=\"6.1.5\" \/><input type=\"hidden\" name=\"_wpcf7_locale\" value=\"en_US\" \/><input type=\"hidden\" name=\"_wpcf7_unit_tag\" value=\"wpcf7-f284-o1\" \/><input type=\"hidden\" name=\"_wpcf7_container_post\" value=\"0\" \/><input type=\"hidden\" name=\"_wpcf7_posted_data_hash\" value=\"\" \/>\n<\/fieldset>\n<span class=\"wpcf7-form-control-wrap\" data-name=\"t-name\"><input size=\"40\" maxlength=\"400\" class=\"wpcf7-form-control wpcf7-text\" aria-invalid=\"false\" placeholder=\"Shkruani Emrin tuaj\" value=\"\" type=\"text\" name=\"t-name\" \/><\/span>\n<span class=\"wpcf7-form-control-wrap\" data-name=\"t-email\"><input size=\"40\" maxlength=\"400\" class=\"wpcf7-form-control wpcf7-email wpcf7-text wpcf7-validates-as-email\" aria-invalid=\"false\" placeholder=\"Enter your Mail\" value=\"\" type=\"email\" name=\"t-email\" \/><\/span>\n<span class=\"wpcf7-form-control-wrap\" data-name=\"t-message\"><textarea cols=\"40\" rows=\"10\" maxlength=\"2000\" class=\"wpcf7-form-control wpcf7-textarea\" aria-invalid=\"false\" placeholder=\"Type your message\" name=\"t-message\"><\/textarea><\/span>\n<div class=\"tp-support-form__btn\">\n    <button type=\"submit\" class=\"tp-btn\">D\u00ebrgo<\/button>\n<\/div><p style=\"display: none !important;\" class=\"akismet-fields-container\" data-prefix=\"_wpcf7_ak_\"><label>&#916;<textarea name=\"_wpcf7_ak_hp_textarea\" cols=\"45\" rows=\"8\" maxlength=\"100\"><\/textarea><\/label><input type=\"hidden\" id=\"ak_js_1\" name=\"_wpcf7_ak_js\" value=\"151\"\/><script>document.getElementById( \"ak_js_1\" ).setAttribute( \"value\", ( new Date() ).getTime() );<\/script><\/p><div class=\"wpcf7-response-output\" aria-hidden=\"true\"><\/div>\n<input type=\"hidden\" name=\"trp-form-language\" value=\"sq\"\/><\/form>\n<\/div>\n                    <\/div>\r\n                                    <\/div>\r\n            <\/div>\r\n        <\/div>\r\n    <\/div>\r\n<\/section>\r\n\r\n\t\t\t\t<\/div>\n\t\t\t\t<\/div>\n\t\t\t\t\t<\/div>\n\t\t<\/div>\n\t\t\t\t\t<\/div>\n\t\t<\/section>\n\t\t\t\t<\/div>","protected":false},"excerpt":{"rendered":"<p>our SERVICES Warehousing Our company\u2019s facilities span over 2,707 m\u00b2 and are designed to meet the highest industry standards. We ensure that all products are stored in compliance with Good Storage and Distribution Practices, preserving the quality and integrity of our pharmaceutical products and dietary supplements. With state-of-the-art equipment and a well-organized system, we provide [&hellip;]<\/p>\n","protected":false},"author":1,"featured_media":0,"parent":0,"menu_order":0,"comment_status":"closed","ping_status":"closed","template":"elementor_header_footer","meta":{"_acf_changed":false,"_monsterinsights_skip_tracking":false,"_monsterinsights_sitenote_active":false,"_monsterinsights_sitenote_note":"","_monsterinsights_sitenote_category":0,"footnotes":""},"class_list":["post-780","page","type-page","status-publish","hentry"],"acf":[],"aioseo_notices":[],"_links":{"self":[{"href":"https:\/\/alfarmakos.com\/sq\/wp-json\/wp\/v2\/pages\/780","targetHints":{"allow":["GET"]}}],"collection":[{"href":"https:\/\/alfarmakos.com\/sq\/wp-json\/wp\/v2\/pages"}],"about":[{"href":"https:\/\/alfarmakos.com\/sq\/wp-json\/wp\/v2\/types\/page"}],"author":[{"embeddable":true,"href":"https:\/\/alfarmakos.com\/sq\/wp-json\/wp\/v2\/users\/1"}],"replies":[{"embeddable":true,"href":"https:\/\/alfarmakos.com\/sq\/wp-json\/wp\/v2\/comments?post=780"}],"version-history":[{"count":112,"href":"https:\/\/alfarmakos.com\/sq\/wp-json\/wp\/v2\/pages\/780\/revisions"}],"predecessor-version":[{"id":3857,"href":"https:\/\/alfarmakos.com\/sq\/wp-json\/wp\/v2\/pages\/780\/revisions\/3857"}],"wp:attachment":[{"href":"https:\/\/alfarmakos.com\/sq\/wp-json\/wp\/v2\/media?parent=780"}],"curies":[{"name":"wp","href":"https:\/\/api.w.org\/{rel}","templated":true}]}}