{"id":843,"date":"2022-08-22T15:50:28","date_gmt":"2022-08-22T15:50:28","guid":{"rendered":"https:\/\/weblearnbd.net\/wp\/bioxlab\/?page_id=843"},"modified":"2025-03-26T12:06:42","modified_gmt":"2025-03-26T12:06:42","slug":"regulatory-pharmacovigilance","status":"publish","type":"page","link":"https:\/\/alfarmakos.com\/sq\/regulatory-pharmacovigilance\/","title":{"rendered":"\u00c7\u00ebshtje Rregullatore dhe Farmakovigjilenc\u00eb"},"content":{"rendered":"<div data-elementor-type=\"wp-page\" data-elementor-id=\"843\" class=\"elementor elementor-843\">\n\t\t\t\t\t\t<section class=\"elementor-section elementor-top-section elementor-element elementor-element-3c09c69 elementor-section-boxed elementor-section-height-default elementor-section-height-default\" data-id=\"3c09c69\" data-element_type=\"section\" data-e-type=\"section\">\n\t\t\t\t\t\t<div class=\"elementor-container elementor-column-gap-default\">\n\t\t\t\t\t<div class=\"elementor-column elementor-col-100 elementor-top-column elementor-element elementor-element-c558e27\" data-id=\"c558e27\" data-element_type=\"column\" data-e-type=\"column\">\n\t\t\t<div class=\"elementor-widget-wrap elementor-element-populated\">\n\t\t\t\t\t\t<div class=\"elementor-element elementor-element-0f7dafe elementor-widget elementor-widget-tp-heading\" data-id=\"0f7dafe\" data-element_type=\"widget\" data-e-type=\"widget\" data-widget_type=\"tp-heading.default\">\n\t\t\t\t<div class=\"elementor-widget-container\">\n\t\t\t\t\t\r\n\t\t                        <div class=\"tp-section\">\r\n                                    <span class=\"tp-section__sub-title left-line mb-20 tp-el-subtitle\">SH\u00cbRBIMET TONA<\/span>\r\n                \r\n                <h2 class=\"tp-section__title mb-50\">Sh\u00ebrbimi p\u00ebr \u00c7\u00ebshtjet rregullatore dhe Farmakovigjilenca<\/h2>\r\n                            <\/div>\r\n            \r\n\t\t\r\n        \t\t\t\t<\/div>\n\t\t\t\t<\/div>\n\t\t\t\t<section class=\"elementor-section elementor-inner-section elementor-element elementor-element-aca8d07 elementor-section-boxed elementor-section-height-default elementor-section-height-default\" data-id=\"aca8d07\" data-element_type=\"section\" data-e-type=\"section\">\n\t\t\t\t\t\t<div class=\"elementor-container elementor-column-gap-default\">\n\t\t\t\t\t<div class=\"elementor-column elementor-col-100 elementor-inner-column elementor-element elementor-element-699aa32\" data-id=\"699aa32\" data-element_type=\"column\" data-e-type=\"column\">\n\t\t\t<div class=\"elementor-widget-wrap elementor-element-populated\">\n\t\t\t\t\t\t<div class=\"elementor-element elementor-element-2a31bf6 elementor-widget elementor-widget-heading\" data-id=\"2a31bf6\" data-element_type=\"widget\" data-e-type=\"widget\" data-widget_type=\"heading.default\">\n\t\t\t\t<div class=\"elementor-widget-container\">\n\t\t\t\t\t<p class=\"elementor-heading-title elementor-size-default\">N\u00eb Alfarmakos, Departamenti i \u00c7\u00ebshtjeve Rregullatore luan rol ky\u00e7 n\u00eb sigurimin e p\u00ebrputhshm\u00ebris\u00eb rregullatore p\u00ebr barnat, pajisjet mjek\u00ebsore, kozmetik\u00ebn dhe suplementet ushqimore. Ekipi yn\u00eb menaxhon n\u00eb m\u00ebnyr\u00eb efikase dhe t\u00eb sakt\u00eb procesin e regjistrimit p\u00ebr nj\u00eb gam\u00eb t\u00eb gjer\u00eb produktesh, duke siguruar p\u00ebrputhshm\u00ebrin\u00eb me plot\u00eb legislacionin lokal dhe at\u00eb europian.\n\nP\u00ebr m\u00eb tep\u00ebr, ata mbik\u00ebqyrin me kujdes ciklin e jet\u00ebs s\u00eb barnave, duke menaxhuar rinovimet dhe dor\u00ebzimin e variacioneve n\u00eb koh\u00eb p\u00ebr t\u00eb gjitha produktet e p\u00ebrfshira, duke garantuar k\u00ebshtu vazhdim\u00ebsin\u00eb dhe cil\u00ebsin\u00eb e furnizimit t\u00eb tyre. Sh\u00ebrbimi rregullator \u00ebsht\u00eb nj\u00eb pik\u00eb ky\u00e7e p\u00ebr mbajtjen e marr\u00ebdh\u00ebnieve midis partner\u00ebve dhe Agjencis\u00eb Komb\u00ebtare t\u00eb Barnave dhe Pajisjeve Mjek\u00ebsore (AKBPM) \/ Ministris\u00eb s\u00eb Sh\u00ebndet\u00ebsis\u00eb.<\/p>\t\t\t\t<\/div>\n\t\t\t\t<\/div>\n\t\t\t\t<div class=\"elementor-element elementor-element-d9567da elementor-widget elementor-widget-heading\" data-id=\"d9567da\" data-element_type=\"widget\" data-e-type=\"widget\" data-widget_type=\"heading.default\">\n\t\t\t\t<div class=\"elementor-widget-container\">\n\t\t\t\t\t<p class=\"elementor-heading-title elementor-size-default\">P\u00ebr ne, nj\u00eb nga detyrat kryesore \u00ebsht\u00eb t\u00eb ofrojm\u00eb pacient\u00ebve barna me cil\u00ebsi t\u00eb lart\u00eb, efektive dhe t\u00eb sigurta, p\u00ebrfitimet e t\u00eb cilave tejkalojn\u00eb rreziqet e mundshme.\n\nP\u00ebr t\u00eb monitoruar sigurin\u00eb dhe efektivitetin e barnave tona, kemi krijuar nj\u00eb departament t\u00eb t\u00eb Farmakovigjilenc\u00ebs. Kur zbulojm\u00eb efekte an\u00ebsore, specialist\u00ebt tan\u00eb k\u00ebrkojn\u00eb shkakun e shfaqjes s\u00eb tyre dhe gjithashtu b\u00ebjn\u00eb gjith\u00e7ka q\u00eb \u00ebsht\u00eb e nevojshme p\u00ebr t\u00eb minimizuar dhe parandaluar shfaqjen e efekteve an\u00ebsore n\u00eb t\u00eb ardhmen.\n\nNe do t\u00eb jemi mir\u00ebnjoh\u00ebs p\u00ebr \u00e7do informacion mbi ngjarjet e pad\u00ebshiruara, efektet an\u00ebsore ose munges\u00ebn e efikasitetit n\u00eb p\u00ebrdorimin e barnave.\n\nInformacioni i ofruar nga ju \u00ebsht\u00eb rrept\u00ebsisht konfidencial dhe nuk do t\u00eb zbulohet, p\u00ebrve\u00e7 rasteve t\u00eb p\u00ebrcaktuara me ligj. M\u00eb posht\u00eb \u00ebsht\u00eb nj\u00eb form\u00eb p\u00ebr raportimin e nj\u00eb efekti an\u00ebsor. T\u00eb gjitha fushat jan\u00eb t\u00eb detyrueshme; n\u00ebse ndonj\u00eb informacion nuk dihet nga ju, \u00ebsht\u00eb e nevojshme ta specifikoni at\u00eb n\u00eb fush\u00ebn p\u00ebrkat\u00ebse.<\/p>\t\t\t\t<\/div>\n\t\t\t\t<\/div>\n\t\t\t\t<div class=\"elementor-element elementor-element-925ae3f elementor-align-start elementor-hidden-desktop elementor-hidden-tablet elementor-hidden-mobile elementor-list-item-link-full_width elementor-widget elementor-widget-icon-list\" data-id=\"925ae3f\" data-element_type=\"widget\" data-e-type=\"widget\" data-widget_type=\"icon-list.default\">\n\t\t\t\t<div class=\"elementor-widget-container\">\n\t\t\t\t\t\t\t<ul class=\"elementor-icon-list-items\">\n\t\t\t\t\t\t\t<li class=\"elementor-icon-list-item\">\n\t\t\t\t\t\t\t\t\t\t\t<span class=\"elementor-icon-list-icon\">\n\t\t\t\t\t\t\t<svg aria-hidden=\"true\" class=\"e-font-icon-svg e-fas-check\" viewbox=\"0 0 512 512\" xmlns=\"http:\/\/www.w3.org\/2000\/svg\"><path d=\"M173.898 439.404l-166.4-166.4c-9.997-9.997-9.997-26.206 0-36.204l36.203-36.204c9.997-9.998 26.207-9.998 36.204 0L192 312.69 432.095 72.596c9.997-9.997 26.207-9.997 36.204 0l36.203 36.204c9.997 9.997 9.997 26.206 0 36.204l-294.4 294.401c-9.998 9.997-26.207 9.997-36.204-.001z\"><\/path><\/svg>\t\t\t\t\t\t<\/span>\n\t\t\t\t\t\t\t\t\t\t<span class=\"elementor-icon-list-text\">Expanding Partner Portfolios<\/span>\n\t\t\t\t\t\t\t\t\t<\/li>\n\t\t\t\t\t\t\t\t<li class=\"elementor-icon-list-item\">\n\t\t\t\t\t\t\t\t\t\t\t<span class=\"elementor-icon-list-icon\">\n\t\t\t\t\t\t\t<svg aria-hidden=\"true\" class=\"e-font-icon-svg e-fas-check\" viewbox=\"0 0 512 512\" xmlns=\"http:\/\/www.w3.org\/2000\/svg\"><path d=\"M173.898 439.404l-166.4-166.4c-9.997-9.997-9.997-26.206 0-36.204l36.203-36.204c9.997-9.998 26.207-9.998 36.204 0L192 312.69 432.095 72.596c9.997-9.997 26.207-9.997 36.204 0l36.203 36.204c9.997 9.997 9.997 26.206 0 36.204l-294.4 294.401c-9.998 9.997-26.207 9.997-36.204-.001z\"><\/path><\/svg>\t\t\t\t\t\t<\/span>\n\t\t\t\t\t\t\t\t\t\t<span class=\"elementor-icon-list-text\">Expert Pharmacovigilance and Regulatory Services<\/span>\n\t\t\t\t\t\t\t\t\t<\/li>\n\t\t\t\t\t\t\t\t<li class=\"elementor-icon-list-item\">\n\t\t\t\t\t\t\t\t\t\t\t<span class=\"elementor-icon-list-icon\">\n\t\t\t\t\t\t\t<svg aria-hidden=\"true\" class=\"e-font-icon-svg e-fas-check\" viewbox=\"0 0 512 512\" xmlns=\"http:\/\/www.w3.org\/2000\/svg\"><path d=\"M173.898 439.404l-166.4-166.4c-9.997-9.997-9.997-26.206 0-36.204l36.203-36.204c9.997-9.998 26.207-9.998 36.204 0L192 312.69 432.095 72.596c9.997-9.997 26.207-9.997 36.204 0l36.203 36.204c9.997 9.997 9.997 26.206 0 36.204l-294.4 294.401c-9.998 9.997-26.207 9.997-36.204-.001z\"><\/path><\/svg>\t\t\t\t\t\t<\/span>\n\t\t\t\t\t\t\t\t\t\t<span class=\"elementor-icon-list-text\">Comprehensive Regulatory Support<\/span>\n\t\t\t\t\t\t\t\t\t<\/li>\n\t\t\t\t\t\t\t\t<li class=\"elementor-icon-list-item\">\n\t\t\t\t\t\t\t\t\t\t\t<span class=\"elementor-icon-list-icon\">\n\t\t\t\t\t\t\t<svg aria-hidden=\"true\" class=\"e-font-icon-svg e-fas-check\" viewbox=\"0 0 512 512\" xmlns=\"http:\/\/www.w3.org\/2000\/svg\"><path d=\"M173.898 439.404l-166.4-166.4c-9.997-9.997-9.997-26.206 0-36.204l36.203-36.204c9.997-9.998 26.207-9.998 36.204 0L192 312.69 432.095 72.596c9.997-9.997 26.207-9.997 36.204 0l36.203 36.204c9.997 9.997 9.997 26.206 0 36.204l-294.4 294.401c-9.998 9.997-26.207 9.997-36.204-.001z\"><\/path><\/svg>\t\t\t\t\t\t<\/span>\n\t\t\t\t\t\t\t\t\t\t<span class=\"elementor-icon-list-text\">Commitment to Safety and Compliance<\/span>\n\t\t\t\t\t\t\t\t\t<\/li>\n\t\t\t\t\t\t<\/ul>\n\t\t\t\t\t\t<\/div>\n\t\t\t\t<\/div>\n\t\t\t\t\t<\/div>\n\t\t<\/div>\n\t\t\t\t\t<\/div>\n\t\t<\/section>\n\t\t\t\t\t<\/div>\n\t\t<\/div>\n\t\t\t\t\t<\/div>\n\t\t<\/section>\n\t\t\t\t<section class=\"elementor-section elementor-top-section elementor-element elementor-element-45b843f elementor-section-full_width elementor-section-height-default elementor-section-height-default\" data-id=\"45b843f\" data-element_type=\"section\" data-e-type=\"section\" data-settings=\"{&quot;background_background&quot;:&quot;classic&quot;}\">\n\t\t\t\t\t\t<div class=\"elementor-container elementor-column-gap-no\">\n\t\t\t\t\t<div class=\"elementor-column elementor-col-100 elementor-top-column elementor-element elementor-element-57e3e63\" data-id=\"57e3e63\" data-element_type=\"column\" data-e-type=\"column\">\n\t\t\t<div class=\"elementor-widget-wrap elementor-element-populated\">\n\t\t\t\t\t\t<div class=\"elementor-element elementor-element-b3523f4 elementor-widget elementor-widget-contactform\" data-id=\"b3523f4\" data-element_type=\"widget\" data-e-type=\"widget\" data-widget_type=\"contactform.default\">\n\t\t\t\t<div class=\"elementor-widget-container\">\n\t\t\t\t\t\r\n\r\n<section class=\"support-area ele-section\">\r\n    <div class=\"container\">\r\n        <div class=\"row text-center\">\r\n            <div class=\"col-lg-12 col-md-12 col-12\">\r\n                                <div class=\"tp-section\">\r\n                                            <span class=\"tp-section__sub-title left-line right-line mb-20 ele-subtitle\">Raporto<\/span>\r\n                                        <h2 class=\"tp-section__title mb-70 ele-title\">Raportoni Ngjarjet e Pad\u00ebshiruara<\/h2>\r\n                <\/div>\r\n                            <\/div>\r\n        <\/div>\r\n        <div class=\"row justify-content-center\">\r\n            <div class=\"col-xl-10 col-lg-12 col-md-12 col-12\">\r\n                <div class=\"tp-support-form text-center\">\r\n                                            <span class=\"ele-content\">\u00c7do ngjarje e pad\u00ebshiruar q\u00eb ndodh gjat\u00eb p\u00ebrdorimit t\u00eb nj\u00eb produkti edhe ato t\u00eb listuara n\u00eb fletudh\u00eb zuesen e pakos, duhet te raportohen. N\u00ebse hasni efekte an\u00ebsore, ju lutemi kontaktoni ekipin ton\u00eb t\u00eb farmakovigjilenc\u00ebs duke p\u00ebrdorur t\u00eb dh\u00ebnat e kontaktit m\u00eb posht\u00eb.<\/span>\r\n                    \r\n                                        <div class=\"form-wrapper\">\r\n                        \n<div class=\"wpcf7 no-js\" id=\"wpcf7-f3600-o1\" lang=\"en-US\" dir=\"ltr\" data-wpcf7-id=\"3600\">\n<div class=\"screen-reader-response\"><p role=\"status\" aria-live=\"polite\" aria-atomic=\"true\"><\/p> <ul><\/ul><\/div>\n<form action=\"\/sq\/wp-json\/wp\/v2\/pages\/843#wpcf7-f3600-o1\" method=\"post\" class=\"wpcf7-form init\" aria-label=\"Contact form\" novalidate=\"novalidate\" data-status=\"init\" data-trp-original-action=\"\/sq\/wp-json\/wp\/v2\/pages\/843#wpcf7-f3600-o1\">\n<fieldset class=\"hidden-fields-container\"><input type=\"hidden\" name=\"_wpcf7\" value=\"3600\" \/><input type=\"hidden\" name=\"_wpcf7_version\" value=\"6.1.5\" \/><input type=\"hidden\" name=\"_wpcf7_locale\" value=\"en_US\" \/><input type=\"hidden\" name=\"_wpcf7_unit_tag\" value=\"wpcf7-f3600-o1\" \/><input type=\"hidden\" name=\"_wpcf7_container_post\" value=\"0\" \/><input type=\"hidden\" name=\"_wpcf7_posted_data_hash\" value=\"\" \/>\n<\/fieldset>\n<span class=\"wpcf7-form-control-wrap\" data-name=\"patient-initials\"><input size=\"40\" maxlength=\"400\" class=\"wpcf7-form-control wpcf7-text wpcf7-validates-as-required\" aria-required=\"true\" aria-invalid=\"false\" placeholder=\"Inicialet e pacientit, max 3 karaktere.\" value=\"\" type=\"text\" name=\"patient-initials\" \/><\/span>\n\n  <span class=\"wpcf7-form-control-wrap\" data-name=\"suspected-product\"><input size=\"40\" maxlength=\"400\" class=\"wpcf7-form-control wpcf7-text wpcf7-validates-as-required\" aria-required=\"true\" aria-invalid=\"false\" placeholder=\"Produkti i dyshuar\" value=\"\" type=\"text\" name=\"suspected-product\" \/><\/span>\n\n  <span class=\"wpcf7-form-control-wrap\" data-name=\"event-info\"><textarea cols=\"40\" rows=\"10\" maxlength=\"2000\" class=\"wpcf7-form-control wpcf7-textarea wpcf7-validates-as-required\" aria-required=\"true\" aria-invalid=\"false\" placeholder=\"Informacion rreth ngjarjes\" name=\"event-info\"><\/textarea><\/span>\n\n  <span class=\"wpcf7-form-control-wrap\" data-name=\"contact-info\"><input size=\"40\" maxlength=\"400\" class=\"wpcf7-form-control wpcf7-text wpcf7-validates-as-required\" aria-required=\"true\" aria-invalid=\"false\" placeholder=\"Informacion kontakti (telefon\/email)\" value=\"\" type=\"text\" name=\"contact-info\" \/><\/span>\n\n  <span class=\"wpcf7-form-control-wrap\" data-name=\"reporter-initials\"><input size=\"40\" maxlength=\"400\" class=\"wpcf7-form-control wpcf7-text wpcf7-validates-as-required\" aria-required=\"true\" aria-invalid=\"false\" placeholder=\"Inicialet e raportuesit, max 3 karaktere.\" value=\"\" type=\"text\" name=\"reporter-initials\" \/><\/span>\n\n<span class=\"wpcf7-form-control-wrap\" data-name=\"acceptance-109\"><span class=\"wpcf7-form-control wpcf7-acceptance\"><span class=\"wpcf7-list-item\"><label><input type=\"checkbox\" name=\"acceptance-109\" value=\"1\" aria-invalid=\"false\" \/><span class=\"wpcf7-list-item-label\">Kam lexuar dhe pranoj <a href=\"https:\/\/alfarmakos.com\/sq\/terms-of-service\/\" target=\"_blank\">Kushtet e p\u00ebrdorimit<\/a> and <a href=\"https:\/\/alfarmakos.com\/sq\/privacy-policy\/\" target=\"_blank\">Politikat e privat\u00ebsis\u00eb<\/a>.<\/span><\/label><\/span><\/span><\/span>\n\n\n<div class=\"col-lg-12\" style=\"display:none;\">\n  <span class=\"wpcf7-form-control-wrap\" data-name=\"hidden-email\"><input size=\"40\" maxlength=\"400\" class=\"wpcf7-form-control wpcf7-text wpcf7-validates-as-required\" aria-required=\"true\" aria-invalid=\"false\" value=\"\" type=\"text\" name=\"hidden-email\" \/><\/span>\n<\/div>\n  <input class=\"wpcf7-form-control wpcf7-submit has-spinner\" type=\"submit\" value=\"D\u00ebrgo\" \/><p style=\"display: none !important;\" class=\"akismet-fields-container\" data-prefix=\"_wpcf7_ak_\"><label>&#916;<textarea name=\"_wpcf7_ak_hp_textarea\" cols=\"45\" rows=\"8\" maxlength=\"100\"><\/textarea><\/label><input type=\"hidden\" id=\"ak_js_1\" name=\"_wpcf7_ak_js\" value=\"66\"\/><script>document.getElementById( \"ak_js_1\" ).setAttribute( \"value\", ( new Date() ).getTime() );<\/script><\/p><div class=\"wpcf7-response-output\" aria-hidden=\"true\"><\/div>\n<input type=\"hidden\" name=\"trp-form-language\" value=\"sq\"\/><\/form>\n<\/div>\n                    <\/div>\r\n                                    <\/div>\r\n            <\/div>\r\n        <\/div>\r\n    <\/div>\r\n<\/section>\r\n\r\n\t\t\t\t<\/div>\n\t\t\t\t<\/div>\n\t\t\t\t\t<\/div>\n\t\t<\/div>\n\t\t\t\t\t<\/div>\n\t\t<\/section>\n\t\t\t\t<\/div>","protected":false},"excerpt":{"rendered":"<p>OUR SERVICES Regulatory &amp; Pharmacovigilance\u200b At Alfarmakos the Regulatory Affairs Department plays a pivotal role in ensuring regulatory compliance of medicines for human use, medical devices, cosmetics, and food supplements. Our team efficiently and accurately manages the registration process for the wide range of products, ensuring full compliance with both national regulations and EU regulations. [&hellip;]<\/p>\n","protected":false},"author":1,"featured_media":0,"parent":0,"menu_order":0,"comment_status":"closed","ping_status":"closed","template":"elementor_header_footer","meta":{"_acf_changed":false,"_monsterinsights_skip_tracking":false,"_monsterinsights_sitenote_active":false,"_monsterinsights_sitenote_note":"","_monsterinsights_sitenote_category":0,"footnotes":""},"class_list":["post-843","page","type-page","status-publish","hentry"],"acf":[],"aioseo_notices":[],"_links":{"self":[{"href":"https:\/\/alfarmakos.com\/sq\/wp-json\/wp\/v2\/pages\/843","targetHints":{"allow":["GET"]}}],"collection":[{"href":"https:\/\/alfarmakos.com\/sq\/wp-json\/wp\/v2\/pages"}],"about":[{"href":"https:\/\/alfarmakos.com\/sq\/wp-json\/wp\/v2\/types\/page"}],"author":[{"embeddable":true,"href":"https:\/\/alfarmakos.com\/sq\/wp-json\/wp\/v2\/users\/1"}],"replies":[{"embeddable":true,"href":"https:\/\/alfarmakos.com\/sq\/wp-json\/wp\/v2\/comments?post=843"}],"version-history":[{"count":74,"href":"https:\/\/alfarmakos.com\/sq\/wp-json\/wp\/v2\/pages\/843\/revisions"}],"predecessor-version":[{"id":3879,"href":"https:\/\/alfarmakos.com\/sq\/wp-json\/wp\/v2\/pages\/843\/revisions\/3879"}],"wp:attachment":[{"href":"https:\/\/alfarmakos.com\/sq\/wp-json\/wp\/v2\/media?parent=843"}],"curies":[{"name":"wp","href":"https:\/\/api.w.org\/{rel}","templated":true}]}}